{"id":458,"date":"2024-05-21T14:43:32","date_gmt":"2024-05-21T14:43:32","guid":{"rendered":"https:\/\/www.procent.com\/?page_id=458"},"modified":"2025-05-20T15:54:06","modified_gmt":"2025-05-20T14:54:06","slug":"decouvrez-vos-avantages-avec-procent","status":"publish","type":"page","link":"https:\/\/www.procent.com\/fr\/decouvrez-vos-avantages-avec-procent\/","title":{"rendered":"D\u00e9couvrez vos avantages avec Procent"},"content":{"rendered":"\n<div class=\"wp-block-group section-contact section-contact--embed is-content-justification-center is-nowrap is-layout-flex wp-container-core-group-is-layout-6604715b wp-block-group-is-layout-flex\" style=\"margin-top:0px;margin-bottom:0px;padding-top:0;padding-right:0;padding-left:0\">\n<div class=\"wp-block-group section__content is-vertical is-content-justification-left is-layout-flex wp-container-core-group-is-layout-c5c821c1 wp-block-group-is-layout-flex\" style=\"padding-top:170px;padding-bottom:50px;padding-left:20px\">\n<div class=\"wp-block-group has-global-padding is-content-justification-right is-layout-constrained wp-container-core-group-is-layout-bd5caf35 wp-block-group-is-layout-constrained\" style=\"padding-top:var(--wp--preset--spacing--xl)\">\n<div class=\"wp-block-buttons is-layout-flex wp-block-buttons-is-layout-flex\">\n<div class=\"wp-block-button is-style-secondary\"><a class=\"wp-block-button__link wp-element-button\" href=\"https:\/\/www.procent.com\/\"><img decoding=\"async\" class=\"wp-image-365\" style=\"width: NaNpx\" src=\"https:\/\/www.procent.com\/wp-content\/uploads\/sites\/3\/2024\/05\/ico-button-arrow.svg\" alt=\"\">Terug<\/a><\/div>\n<\/div>\n\n\n\n<h2 class=\"wp-block-heading\"><strong>D\u00e9couvrez vos avantages avec Procent<\/strong><\/h2>\n\n\n\n<p class=\"has-medium-grey-color has-text-color has-link-color has-large-font-size wp-elements-5257d7a567a5f1444fbba6dc0fc7c36d\" style=\"margin-top:var(--wp--preset--spacing--sm);margin-bottom:var(--wp--preset--spacing--sm)\">Laissez-nous vos coordonn\u00e9es et nous vous r\u00e9pondrons dans les plus brefs d\u00e9lais.<\/p>\n\n\n\n<hr class=\"wp-block-separator has-text-color has-alpha-channel-opacity has-background is-style-wide\" style=\"margin-top:var(--wp--preset--spacing--lg);margin-bottom:var(--wp--preset--spacing--xl);background-color:#e6e0dc;color:#e6e0dc\"\/>\n\n\n\n<div class=\"wp-block-group contact-row is-nowrap is-layout-flex wp-container-core-group-is-layout-9819b93b wp-block-group-is-layout-flex\">\n<figure class=\"wp-block-image size-full is-resized is-style-default\"><img decoding=\"async\" src=\"https:\/\/www.procent.com\/wp-content\/uploads\/sites\/3\/2024\/05\/ico-stacks-1.svg\" alt=\"\" class=\"wp-image-238\" style=\"width:32px\"\/><\/figure>\n\n\n\n<div class=\"wp-block-group has-global-padding is-layout-constrained wp-block-group-is-layout-constrained\">\n<p class=\"has-large-font-size\" style=\"margin-top:0;margin-bottom:0;font-style:normal;font-weight:600\"><strong>Economisez de l\u2019argent<\/strong><\/p>\n\n\n\n<p style=\"margin-top:0;margin-bottom:0;font-size:14px\">Profitez d&rsquo;offres d&rsquo;achat comp\u00e9titives et r\u00e9duisez consid\u00e9rablement vos co\u00fbts d&rsquo;approvisionnement.<\/p>\n<\/div>\n<\/div>\n\n\n\n<div class=\"wp-block-group contact-row is-nowrap is-layout-flex wp-container-core-group-is-layout-9819b93b wp-block-group-is-layout-flex\">\n<figure class=\"wp-block-image size-full is-resized is-style-default\"><img decoding=\"async\" src=\"https:\/\/www.procent.com\/wp-content\/uploads\/sites\/3\/2024\/05\/ico-clock.svg\" alt=\"\" class=\"wp-image-464\" style=\"width:32px\"\/><\/figure>\n\n\n\n<div class=\"wp-block-group has-global-padding is-layout-constrained wp-block-group-is-layout-constrained\">\n<p class=\"has-large-font-size\" style=\"margin-top:0;margin-bottom:0;font-style:normal;font-weight:600\"><strong>Economisez du temps<\/strong><\/p>\n\n\n\n<p style=\"margin-top:0;margin-bottom:0;font-size:14px\">Laissez-nous faire le travail pour vous. Nous nous occupons de tout, de l&rsquo;analyse \u00e0 la mise en \u0153uvre.<\/p>\n<\/div>\n<\/div>\n\n\n\n<div class=\"wp-block-group contact-row is-nowrap is-layout-flex wp-container-core-group-is-layout-9819b93b wp-block-group-is-layout-flex\">\n<figure class=\"wp-block-image size-full is-resized is-style-default\"><img decoding=\"async\" src=\"https:\/\/www.procent.com\/wp-content\/uploads\/sites\/3\/2024\/05\/ico-heart.svg\" alt=\"\" class=\"wp-image-463\" style=\"width:32px\"\/><\/figure>\n\n\n\n<div class=\"wp-block-group has-global-padding is-layout-constrained wp-block-group-is-layout-constrained\">\n<p class=\"has-large-font-size\" style=\"margin-top:0;margin-bottom:0;font-style:normal;font-weight:600\"><strong>Economisez des efforts<\/strong><\/p>\n\n\n\n<p style=\"margin-top:0;margin-bottom:0;font-size:14px\">Avec Procent, vous ne devez plus n\u00e9gocier. Nous vous offrons les meilleures conditions.<\/p>\n<\/div>\n<\/div>\n<\/div>\n<\/div>\n\n\n\n<div class=\"wp-block-group section__form has-global-padding is-layout-constrained wp-container-core-group-is-layout-48dbd97c wp-block-group-is-layout-constrained\" style=\"padding-right:0px;padding-left:0px\">\n<div class=\"wp-block-group has-secondary-background-color has-background has-global-padding is-layout-constrained wp-container-core-group-is-layout-f65e083a wp-block-group-is-layout-constrained\" style=\"padding-top:170px;padding-right:11.1%;padding-bottom:50px;padding-left:11.1%;background-position:0% 100%;\">\n<div class=\"wp-block-group has-global-padding is-content-justification-left is-layout-constrained wp-container-core-group-is-layout-44459ff4 wp-block-group-is-layout-constrained\">\n<div class=\"wp-block-group has-global-padding is-layout-constrained wp-block-group-is-layout-constrained\">\n<div class=\"meetings-iframe-container\" data-src=\"https:\/\/support.procent.com\/meetings\/lennart-hettema\/procent-support?embed=true\"><\/div><script type=\"text\/javascript\" src=\"https:\/\/static.hsappstatic.net\/MeetingsEmbed\/ex\/MeetingsEmbedCode.js\"><\/script>\n<\/div>\n\n\n\n<div class=\"wp-block-group is-nowrap is-layout-flex wp-container-core-group-is-layout-6c531013 wp-block-group-is-layout-flex\">\n<figure class=\"wp-block-image size-full\"><img loading=\"lazy\" decoding=\"async\" width=\"120\" height=\"48\" src=\"https:\/\/www.procent.com\/wp-content\/uploads\/sites\/3\/2024\/05\/home-hero-users-1.png\" alt=\"\" class=\"wp-image-95\"\/><\/figure>\n\n\n\n<p class=\"has-medium-grey-color has-secondary-background-color has-text-color has-background has-link-color wp-elements-aa271e7fcd2cabba46daa166cdb9ef89\">Approuv\u00e9 par plus 13.000 membres<\/p>\n<\/div>\n<\/div>\n<\/div>\n<\/div>\n<\/div>\n\n\n\n<p><\/p>\n","protected":false},"excerpt":{"rendered":"<p>D\u00e9couvrez vos avantages avec Procent Laissez-nous vos coordonn\u00e9es et nous vous r\u00e9pondrons dans les plus brefs d\u00e9lais. Economisez de l\u2019argent Profitez d&rsquo;offres d&rsquo;achat comp\u00e9titives et r\u00e9duisez consid\u00e9rablement vos co\u00fbts d&rsquo;approvisionnement. Economisez du temps Laissez-nous faire le travail pour vous. Nous nous occupons de tout, de l&rsquo;analyse \u00e0 la mise en \u0153uvre. Economisez des efforts Avec [&hellip;]<\/p>\n","protected":false},"author":1,"featured_media":0,"parent":0,"menu_order":0,"comment_status":"closed","ping_status":"closed","template":"wp-custom-template-small-header-small-footer","meta":{"footnotes":""},"class_list":["post-458","page","type-page","status-publish","hentry"],"yoast_head":"<!-- This site is optimized with the Yoast SEO plugin v27.4 - https:\/\/yoast.com\/product\/yoast-seo-wordpress\/ -->\n<title>D\u00e9couvrez vos avantages avec Procent - Procent | FR<\/title>\n<meta name=\"robots\" content=\"index, follow, max-snippet:-1, max-image-preview:large, max-video-preview:-1\" \/>\n<link rel=\"canonical\" href=\"https:\/\/www.procent.com\/fr\/decouvrez-vos-avantages-avec-procent\/\" \/>\n<meta property=\"og:locale\" content=\"fr_FR\" \/>\n<meta property=\"og:type\" content=\"article\" \/>\n<meta property=\"og:title\" content=\"D\u00e9couvrez vos avantages avec Procent - Procent | FR\" \/>\n<meta property=\"og:description\" content=\"D\u00e9couvrez vos avantages avec Procent Laissez-nous vos coordonn\u00e9es et nous vous r\u00e9pondrons dans les plus brefs d\u00e9lais. Economisez de l\u2019argent Profitez d&rsquo;offres d&rsquo;achat comp\u00e9titives et r\u00e9duisez consid\u00e9rablement vos co\u00fbts d&rsquo;approvisionnement. Economisez du temps Laissez-nous faire le travail pour vous. Nous nous occupons de tout, de l&rsquo;analyse \u00e0 la mise en \u0153uvre. Economisez des efforts Avec [&hellip;]\" \/>\n<meta property=\"og:url\" content=\"https:\/\/www.procent.com\/fr\/decouvrez-vos-avantages-avec-procent\/\" \/>\n<meta property=\"og:site_name\" content=\"Procent | FR\" \/>\n<meta property=\"article:modified_time\" content=\"2025-05-20T14:54:06+00:00\" \/>\n<meta name=\"twitter:card\" content=\"summary_large_image\" \/>\n<meta name=\"twitter:label1\" content=\"Dur\u00e9e de lecture estim\u00e9e\" \/>\n\t<meta name=\"twitter:data1\" content=\"2 minutes\" \/>\n<script type=\"application\/ld+json\" class=\"yoast-schema-graph\">{\"@context\":\"https:\\\/\\\/schema.org\",\"@graph\":[{\"@type\":\"WebPage\",\"@id\":\"https:\\\/\\\/www.procent.com\\\/fr\\\/decouvrez-vos-avantages-avec-procent\\\/\",\"url\":\"https:\\\/\\\/www.procent.com\\\/fr\\\/decouvrez-vos-avantages-avec-procent\\\/\",\"name\":\"D\u00e9couvrez vos avantages avec Procent - Procent | FR\",\"isPartOf\":{\"@id\":\"https:\\\/\\\/www.procent.com\\\/fr\\\/#website\"},\"primaryImageOfPage\":{\"@id\":\"https:\\\/\\\/www.procent.com\\\/fr\\\/decouvrez-vos-avantages-avec-procent\\\/#primaryimage\"},\"image\":{\"@id\":\"https:\\\/\\\/www.procent.com\\\/fr\\\/decouvrez-vos-avantages-avec-procent\\\/#primaryimage\"},\"thumbnailUrl\":\"https:\\\/\\\/www.procent.com\\\/wp-content\\\/uploads\\\/sites\\\/3\\\/2024\\\/05\\\/ico-button-arrow.svg\",\"datePublished\":\"2024-05-21T14:43:32+00:00\",\"dateModified\":\"2025-05-20T14:54:06+00:00\",\"breadcrumb\":{\"@id\":\"https:\\\/\\\/www.procent.com\\\/fr\\\/decouvrez-vos-avantages-avec-procent\\\/#breadcrumb\"},\"inLanguage\":\"fr-FR\",\"potentialAction\":[{\"@type\":\"ReadAction\",\"target\":[\"https:\\\/\\\/www.procent.com\\\/fr\\\/decouvrez-vos-avantages-avec-procent\\\/\"]}]},{\"@type\":\"ImageObject\",\"inLanguage\":\"fr-FR\",\"@id\":\"https:\\\/\\\/www.procent.com\\\/fr\\\/decouvrez-vos-avantages-avec-procent\\\/#primaryimage\",\"url\":\"https:\\\/\\\/www.procent.com\\\/wp-content\\\/uploads\\\/sites\\\/3\\\/2024\\\/05\\\/ico-button-arrow.svg\",\"contentUrl\":\"https:\\\/\\\/www.procent.com\\\/wp-content\\\/uploads\\\/sites\\\/3\\\/2024\\\/05\\\/ico-button-arrow.svg\"},{\"@type\":\"BreadcrumbList\",\"@id\":\"https:\\\/\\\/www.procent.com\\\/fr\\\/decouvrez-vos-avantages-avec-procent\\\/#breadcrumb\",\"itemListElement\":[{\"@type\":\"ListItem\",\"position\":1,\"name\":\"Home\",\"item\":\"https:\\\/\\\/www.procent.com\\\/fr\\\/\"},{\"@type\":\"ListItem\",\"position\":2,\"name\":\"D\u00e9couvrez vos avantages avec Procent\"}]},{\"@type\":\"WebSite\",\"@id\":\"https:\\\/\\\/www.procent.com\\\/fr\\\/#website\",\"url\":\"https:\\\/\\\/www.procent.com\\\/fr\\\/\",\"name\":\"Procent | FR\",\"description\":\"\",\"potentialAction\":[{\"@type\":\"SearchAction\",\"target\":{\"@type\":\"EntryPoint\",\"urlTemplate\":\"https:\\\/\\\/www.procent.com\\\/fr\\\/?s={search_term_string}\"},\"query-input\":{\"@type\":\"PropertyValueSpecification\",\"valueRequired\":true,\"valueName\":\"search_term_string\"}}],\"inLanguage\":\"fr-FR\"}]}<\/script>\n<!-- \/ Yoast SEO plugin. -->","yoast_head_json":{"title":"D\u00e9couvrez vos avantages avec Procent - Procent | FR","robots":{"index":"index","follow":"follow","max-snippet":"max-snippet:-1","max-image-preview":"max-image-preview:large","max-video-preview":"max-video-preview:-1"},"canonical":"https:\/\/www.procent.com\/fr\/decouvrez-vos-avantages-avec-procent\/","og_locale":"fr_FR","og_type":"article","og_title":"D\u00e9couvrez vos avantages avec Procent - Procent | FR","og_description":"D\u00e9couvrez vos avantages avec Procent Laissez-nous vos coordonn\u00e9es et nous vous r\u00e9pondrons dans les plus brefs d\u00e9lais. Economisez de l\u2019argent Profitez d&rsquo;offres d&rsquo;achat comp\u00e9titives et r\u00e9duisez consid\u00e9rablement vos co\u00fbts d&rsquo;approvisionnement. Economisez du temps Laissez-nous faire le travail pour vous. Nous nous occupons de tout, de l&rsquo;analyse \u00e0 la mise en \u0153uvre. Economisez des efforts Avec [&hellip;]","og_url":"https:\/\/www.procent.com\/fr\/decouvrez-vos-avantages-avec-procent\/","og_site_name":"Procent | FR","article_modified_time":"2025-05-20T14:54:06+00:00","twitter_card":"summary_large_image","twitter_misc":{"Dur\u00e9e de lecture estim\u00e9e":"2 minutes"},"schema":{"@context":"https:\/\/schema.org","@graph":[{"@type":"WebPage","@id":"https:\/\/www.procent.com\/fr\/decouvrez-vos-avantages-avec-procent\/","url":"https:\/\/www.procent.com\/fr\/decouvrez-vos-avantages-avec-procent\/","name":"D\u00e9couvrez vos avantages avec Procent - Procent | FR","isPartOf":{"@id":"https:\/\/www.procent.com\/fr\/#website"},"primaryImageOfPage":{"@id":"https:\/\/www.procent.com\/fr\/decouvrez-vos-avantages-avec-procent\/#primaryimage"},"image":{"@id":"https:\/\/www.procent.com\/fr\/decouvrez-vos-avantages-avec-procent\/#primaryimage"},"thumbnailUrl":"https:\/\/www.procent.com\/wp-content\/uploads\/sites\/3\/2024\/05\/ico-button-arrow.svg","datePublished":"2024-05-21T14:43:32+00:00","dateModified":"2025-05-20T14:54:06+00:00","breadcrumb":{"@id":"https:\/\/www.procent.com\/fr\/decouvrez-vos-avantages-avec-procent\/#breadcrumb"},"inLanguage":"fr-FR","potentialAction":[{"@type":"ReadAction","target":["https:\/\/www.procent.com\/fr\/decouvrez-vos-avantages-avec-procent\/"]}]},{"@type":"ImageObject","inLanguage":"fr-FR","@id":"https:\/\/www.procent.com\/fr\/decouvrez-vos-avantages-avec-procent\/#primaryimage","url":"https:\/\/www.procent.com\/wp-content\/uploads\/sites\/3\/2024\/05\/ico-button-arrow.svg","contentUrl":"https:\/\/www.procent.com\/wp-content\/uploads\/sites\/3\/2024\/05\/ico-button-arrow.svg"},{"@type":"BreadcrumbList","@id":"https:\/\/www.procent.com\/fr\/decouvrez-vos-avantages-avec-procent\/#breadcrumb","itemListElement":[{"@type":"ListItem","position":1,"name":"Home","item":"https:\/\/www.procent.com\/fr\/"},{"@type":"ListItem","position":2,"name":"D\u00e9couvrez vos avantages avec Procent"}]},{"@type":"WebSite","@id":"https:\/\/www.procent.com\/fr\/#website","url":"https:\/\/www.procent.com\/fr\/","name":"Procent | FR","description":"","potentialAction":[{"@type":"SearchAction","target":{"@type":"EntryPoint","urlTemplate":"https:\/\/www.procent.com\/fr\/?s={search_term_string}"},"query-input":{"@type":"PropertyValueSpecification","valueRequired":true,"valueName":"search_term_string"}}],"inLanguage":"fr-FR"}]}},"_links":{"self":[{"href":"https:\/\/www.procent.com\/fr\/wp-json\/wp\/v2\/pages\/458","targetHints":{"allow":["GET"]}}],"collection":[{"href":"https:\/\/www.procent.com\/fr\/wp-json\/wp\/v2\/pages"}],"about":[{"href":"https:\/\/www.procent.com\/fr\/wp-json\/wp\/v2\/types\/page"}],"author":[{"embeddable":true,"href":"https:\/\/www.procent.com\/fr\/wp-json\/wp\/v2\/users\/1"}],"replies":[{"embeddable":true,"href":"https:\/\/www.procent.com\/fr\/wp-json\/wp\/v2\/comments?post=458"}],"version-history":[{"count":38,"href":"https:\/\/www.procent.com\/fr\/wp-json\/wp\/v2\/pages\/458\/revisions"}],"predecessor-version":[{"id":1574,"href":"https:\/\/www.procent.com\/fr\/wp-json\/wp\/v2\/pages\/458\/revisions\/1574"}],"wp:attachment":[{"href":"https:\/\/www.procent.com\/fr\/wp-json\/wp\/v2\/media?parent=458"}],"curies":[{"name":"wp","href":"https:\/\/api.w.org\/{rel}","templated":true}]}}