{"id":14,"date":"2024-05-09T13:17:33","date_gmt":"2024-05-09T13:17:33","guid":{"rendered":"https:\/\/www.procent.com\/?page_id=14"},"modified":"2024-10-14T10:56:33","modified_gmt":"2024-10-14T10:56:33","slug":"a-propos-de-nous","status":"publish","type":"page","link":"https:\/\/www.procent.com\/fr\/a-propos-de-nous\/","title":{"rendered":"\u00c0 propos de nous"},"content":{"rendered":"\n<div class=\"wp-block-group has-global-padding is-layout-constrained wp-container-core-group-is-layout-5de52bbd wp-block-group-is-layout-constrained\" style=\"margin-bottom:80px;padding-right:20px;padding-left:20px\">\n<div class=\"wp-block-cover hero has-white-color has-text-color has-link-color wp-elements-0715e8f305cd439fb3f95786b27bb740\" style=\"border-radius:40px;padding-top:100px;padding-right:var(--wp--preset--spacing--md);padding-bottom:100px;padding-left:var(--wp--preset--spacing--md);min-height:574px;aspect-ratio:unset;\"><span aria-hidden=\"true\" class=\"wp-block-cover__background has-black-background-color has-background-dim-30 has-background-dim\"><\/span><img loading=\"lazy\" decoding=\"async\" width=\"1181\" height=\"759\" class=\"wp-block-cover__image-background wp-image-1509\" alt=\"\" src=\"https:\/\/www.procent.com\/fr\/wp-content\/uploads\/sites\/3\/2024\/10\/Team-1-\u2013-1.png\" style=\"object-position:51% 43%\" data-object-fit=\"cover\" data-object-position=\"51% 43%\" srcset=\"https:\/\/www.procent.com\/fr\/wp-content\/uploads\/sites\/3\/2024\/10\/Team-1-\u2013-1.png 1181w, https:\/\/www.procent.com\/fr\/wp-content\/uploads\/sites\/3\/2024\/10\/Team-1-\u2013-1-300x193.png 300w, https:\/\/www.procent.com\/fr\/wp-content\/uploads\/sites\/3\/2024\/10\/Team-1-\u2013-1-1024x658.png 1024w, https:\/\/www.procent.com\/fr\/wp-content\/uploads\/sites\/3\/2024\/10\/Team-1-\u2013-1-768x494.png 768w\" sizes=\"auto, (max-width: 1181px) 100vw, 1181px\" \/><div class=\"wp-block-cover__inner-container has-global-padding is-layout-constrained wp-container-core-cover-is-layout-6b1aa081 wp-block-cover-is-layout-constrained\">\n<h1 class=\"wp-block-heading has-text-align-center has-white-color has-text-color has-link-color has-small-font-size wp-elements-ed6368c5a4c29931f1ec6e8f63ccd377\">\u00c0 propos de nous<\/h1>\n\n\n\n<h1 class=\"wp-block-heading has-text-align-center has-white-color has-text-color has-link-color wp-elements-89451c30ab2e5388421ee65f9e3cd832\" style=\"margin-top:var(--wp--preset--spacing--xs);margin-bottom:var(--wp--preset--spacing--xs);font-style:normal;font-weight:600\">\u00c0 propos de Procent<\/h1>\n\n\n\n<p class=\"has-text-align-center has-medium-font-size\">La plateforme d&rsquo;achat gratuite pour le secteur de la restauration.<\/p>\n\n\n\n<div class=\"wp-block-buttons is-content-justification-center is-layout-flex wp-container-core-buttons-is-layout-a89b3969 wp-block-buttons-is-layout-flex\">\n<div class=\"wp-block-button is-style-primary\"><a class=\"wp-block-button__link wp-element-button\" href=\"https:\/\/www.procent.com\/start-jouw-besparingen-met-procent\/\">Commencez \u00e0 \u00e9conomiser<\/a><\/div>\n<\/div>\n<\/div><\/div>\n<\/div>\n\n\n\n<div class=\"wp-block-group has-global-padding is-layout-constrained wp-container-core-group-is-layout-3c38f88b wp-block-group-is-layout-constrained\" style=\"margin-bottom:100px\">\n<h4 class=\"wp-block-heading has-text-align-center\">Chez Procent, nous croyons au pouvoir de la collaboration. C&rsquo;est pourquoi \u00ab&nbsp;Better Together&nbsp;\u00bb n&rsquo;est pas seulement notre slogan, mais aussi notre devise.<\/h4>\n<\/div>\n\n\n\n<div class=\"wp-block-group has-global-padding is-layout-constrained wp-container-core-group-is-layout-314f0b91 wp-block-group-is-layout-constrained\" style=\"margin-bottom:50px;padding-right:20px;padding-left:20px\">\n<div class=\"wp-block-group has-white-background-color has-background has-global-padding is-layout-constrained wp-block-group-is-layout-constrained\" style=\"border-radius:40px;margin-top:var(--wp--preset--spacing--lg);margin-bottom:var(--wp--preset--spacing--lg)\">\n<div class=\"wp-block-media-text is-stacked-on-mobile is-style-primary-reversed\" style=\"padding-top:var(--wp--preset--spacing--lg);padding-right:4.8%;padding-bottom:var(--wp--preset--spacing--lg);padding-left:var(--wp--preset--spacing--lg);grid-template-columns:46% auto\"><figure class=\"wp-block-media-text__media\"><img loading=\"lazy\" decoding=\"async\" width=\"857\" height=\"553\" src=\"https:\/\/www.procent.com\/fr\/wp-content\/uploads\/sites\/3\/2024\/10\/Team-2-\u2013-11.png\" alt=\"\" class=\"wp-image-1511 size-full\" srcset=\"https:\/\/www.procent.com\/fr\/wp-content\/uploads\/sites\/3\/2024\/10\/Team-2-\u2013-11.png 857w, https:\/\/www.procent.com\/fr\/wp-content\/uploads\/sites\/3\/2024\/10\/Team-2-\u2013-11-300x194.png 300w, https:\/\/www.procent.com\/fr\/wp-content\/uploads\/sites\/3\/2024\/10\/Team-2-\u2013-11-768x496.png 768w\" sizes=\"auto, (max-width: 857px) 100vw, 857px\" \/><\/figure><div class=\"wp-block-media-text__content\">\n<h3 class=\"wp-block-heading\" style=\"margin-bottom:var(--wp--preset--spacing--sm)\">Plus fort ensemble<\/h3>\n\n\n\n<p class=\"has-medium-font-size\">En tant que partenaire d&rsquo;achat fiable et passionn\u00e9, nous travaillons en permanence avec nos clients, nos marques A et nos fournisseurs haut de gamme pour r\u00e9aliser des offres int\u00e9ressantes qui aident nos clients \u00e0 augmenter leur chiffre d&rsquo;affaires et \u00e0 r\u00e9duire leurs co\u00fbts.<\/p>\n<\/div><\/div>\n<\/div>\n\n\n\n<div class=\"wp-block-group has-white-background-color has-background has-global-padding is-layout-constrained wp-block-group-is-layout-constrained\" style=\"border-radius:40px;margin-top:var(--wp--preset--spacing--lg);margin-bottom:var(--wp--preset--spacing--lg)\">\n<div class=\"wp-block-media-text has-media-on-the-right is-stacked-on-mobile is-style-primary\" style=\"padding-top:var(--wp--preset--spacing--lg);padding-right:var(--wp--preset--spacing--lg);padding-bottom:var(--wp--preset--spacing--lg);padding-left:4.8%;grid-template-columns:auto 46%\"><div class=\"wp-block-media-text__content\">\n<h3 class=\"wp-block-heading\" style=\"margin-bottom:var(--wp--preset--spacing--sm)\">Un syst\u00e8me d\u2019achat efficace<\/h3>\n\n\n\n<p class=\"has-medium-font-size\">Gr\u00e2ce \u00e0 notre volume d&rsquo;achats important et \u00e0 notre expertise, nous veillons \u00e0 obtenir chaque jour des r\u00e9sultats significatif pour plus de 13 000 entreprises de restauration au B\u00e9N\u00e9Lux.<\/p>\n<\/div><figure class=\"wp-block-media-text__media\"><img loading=\"lazy\" decoding=\"async\" width=\"857\" height=\"552\" src=\"https:\/\/www.procent.com\/fr\/wp-content\/uploads\/sites\/3\/2024\/10\/Team-3-\u2013-1.png\" alt=\"\" class=\"wp-image-1512 size-full\" srcset=\"https:\/\/www.procent.com\/fr\/wp-content\/uploads\/sites\/3\/2024\/10\/Team-3-\u2013-1.png 857w, https:\/\/www.procent.com\/fr\/wp-content\/uploads\/sites\/3\/2024\/10\/Team-3-\u2013-1-300x193.png 300w, https:\/\/www.procent.com\/fr\/wp-content\/uploads\/sites\/3\/2024\/10\/Team-3-\u2013-1-768x495.png 768w\" sizes=\"auto, (max-width: 857px) 100vw, 857px\" \/><\/figure><\/div>\n<\/div>\n<\/div>\n\n\n\n<div class=\"wp-block-group has-global-padding is-layout-constrained wp-container-core-group-is-layout-d8d8c72e wp-block-group-is-layout-constrained\" style=\"margin-top:130px;margin-bottom:130px;padding-right:20px;padding-left:20px\">\n<div class=\"wp-block-columns is-layout-flex wp-container-core-columns-is-layout-d4a7d49f wp-block-columns-is-layout-flex\">\n<div class=\"wp-block-column is-layout-flow wp-block-column-is-layout-flow\">\n<div class=\"wp-block-procent-counter js-counter counter\" data-number=\"13000\"><div class=\"counter__number\"><span>13000<\/span>+<\/div><div class=\"counter__text\">Clients satisfaits au B\u00e9N\u00e9Lux<\/div><\/div>\n<\/div>\n\n\n\n<div class=\"wp-block-column is-layout-flow wp-block-column-is-layout-flow\">\n<div class=\"wp-block-procent-counter js-counter counter\" data-number=\"55\"><div class=\"counter__number\"><span>55<\/span>+<\/div><div class=\"counter__text\">Fournisseurs affili\u00e9s <\/div><\/div>\n<\/div>\n\n\n\n<div class=\"wp-block-column is-layout-flow wp-block-column-is-layout-flow\">\n<div class=\"wp-block-procent-counter js-counter counter\" data-number=\"12\"><div class=\"counter__number\"><span>12<\/span>+<\/div><div class=\"counter__text\">Ann\u00e9es d\u2019exp\u00e9rience<\/div><\/div>\n<\/div>\n<\/div>\n<\/div>\n\n\n\n<div class=\"wp-block-group has-global-padding is-layout-constrained wp-container-core-group-is-layout-cebab71d wp-block-group-is-layout-constrained\" style=\"margin-bottom:100px;padding-right:20px;padding-left:20px\">\n<div class=\"wp-block-group has-global-padding is-layout-constrained wp-container-core-group-is-layout-a561631a wp-block-group-is-layout-constrained\" style=\"margin-bottom:var(--wp--preset--spacing--xxl)\">\n<h2 class=\"wp-block-heading has-text-align-center\">Les entreprises qui soutiennent Procent.<\/h2>\n<\/div>\n\n\n\n<div class=\"wp-block-columns is-layout-flex wp-container-core-columns-is-layout-106dad22 wp-block-columns-is-layout-flex\" style=\"margin-top:0px;margin-bottom:0px\">\n<div class=\"wp-block-column is-layout-flow wp-block-column-is-layout-flow\">\n<div class=\"wp-block-group el-cta-group el-cta-group--revert is-style-default has-white-background-color has-background has-small-font-size has-global-padding is-layout-constrained wp-container-core-group-is-layout-76e56f43 wp-block-group-is-layout-constrained\" style=\"border-radius:40px;padding-top:var(--wp--preset--spacing--xxl);padding-right:50px;padding-bottom:40px;padding-left:50px\">\n<div class=\"wp-block-group wp-container-content-69bc4bdf is-vertical is-layout-flex wp-container-core-group-is-layout-a4f8cc12 wp-block-group-is-layout-flex\" style=\"padding-right:0;padding-left:0\">\n<h4 class=\"wp-block-heading\">HorecaPact<\/h4>\n\n\n\n<p class=\"has-medium-font-size\">Repr\u00e9sente les int\u00e9r\u00eats d\u2019achat de plus de 100 acteurs majeurs du march\u00e9 de la restauration.<\/p>\n<\/div>\n\n\n\n<figure class=\"wp-block-image size-full has-custom-border is-style-default\"><a href=\"https:\/\/horecapact.com\/\"><img loading=\"lazy\" decoding=\"async\" width=\"1472\" height=\"982\" src=\"https:\/\/www.procent.com\/wp-content\/uploads\/sites\/3\/2024\/06\/Procent-kantoor6758.jpg\" alt=\"\" class=\"wp-image-993\" style=\"border-style:none;border-width:0px;border-radius:40px;aspect-ratio:4\/3;object-fit:cover\" srcset=\"https:\/\/www.procent.com\/fr\/wp-content\/uploads\/sites\/3\/2024\/06\/Procent-kantoor6758.jpg 1472w, https:\/\/www.procent.com\/fr\/wp-content\/uploads\/sites\/3\/2024\/06\/Procent-kantoor6758-300x200.jpg 300w, https:\/\/www.procent.com\/fr\/wp-content\/uploads\/sites\/3\/2024\/06\/Procent-kantoor6758-1024x683.jpg 1024w, https:\/\/www.procent.com\/fr\/wp-content\/uploads\/sites\/3\/2024\/06\/Procent-kantoor6758-768x512.jpg 768w\" sizes=\"auto, (max-width: 1472px) 100vw, 1472px\" \/><\/a><\/figure>\n<\/div>\n<\/div>\n\n\n\n<div class=\"wp-block-column is-layout-flow wp-block-column-is-layout-flow\">\n<div class=\"wp-block-group el-cta-group el-cta-group--revert has-white-background-color has-background has-global-padding is-content-justification-center is-layout-constrained wp-container-core-group-is-layout-d1279bd2 wp-block-group-is-layout-constrained\" style=\"border-radius:40px;min-height:0px;padding-top:var(--wp--preset--spacing--xxl);padding-right:50px;padding-bottom:40px;padding-left:50px\">\n<div class=\"wp-block-group is-vertical is-layout-flex wp-container-core-group-is-layout-a4f8cc12 wp-block-group-is-layout-flex\" style=\"padding-right:0;padding-left:0\">\n<h4 class=\"wp-block-heading\">Capra Nera<\/h4>\n\n\n\n<p class=\"has-medium-font-size\">Notre marque de caf\u00e9 priv\u00e9e Capra Nera, avec le meilleur rapport qualit\u00e9-prix<\/p>\n<\/div>\n\n\n\n<figure class=\"wp-block-image size-full has-custom-border is-style-default\"><a href=\"https:\/\/capranera.nl\/\"><img loading=\"lazy\" decoding=\"async\" width=\"1280\" height=\"1025\" src=\"https:\/\/www.procent.com\/wp-content\/uploads\/sites\/3\/2024\/06\/Capra-Nera-2-2590-x-2075-\u2013-1-groot-3.jpeg\" alt=\"\" class=\"wp-image-994\" style=\"border-radius:40px;aspect-ratio:4\/3;object-fit:cover\" srcset=\"https:\/\/www.procent.com\/fr\/wp-content\/uploads\/sites\/3\/2024\/06\/Capra-Nera-2-2590-x-2075-\u2013-1-groot-3.jpeg 1280w, https:\/\/www.procent.com\/fr\/wp-content\/uploads\/sites\/3\/2024\/06\/Capra-Nera-2-2590-x-2075-\u2013-1-groot-3-300x240.jpeg 300w, https:\/\/www.procent.com\/fr\/wp-content\/uploads\/sites\/3\/2024\/06\/Capra-Nera-2-2590-x-2075-\u2013-1-groot-3-1024x820.jpeg 1024w, https:\/\/www.procent.com\/fr\/wp-content\/uploads\/sites\/3\/2024\/06\/Capra-Nera-2-2590-x-2075-\u2013-1-groot-3-768x615.jpeg 768w\" sizes=\"auto, (max-width: 1280px) 100vw, 1280px\" \/><\/a><\/figure>\n<\/div>\n<\/div>\n<\/div>\n<\/div>\n\n\n\n<div class=\"wp-block-group has-global-padding is-layout-constrained wp-container-core-group-is-layout-cebab71d wp-block-group-is-layout-constrained\" style=\"margin-bottom:100px;padding-right:20px;padding-left:20px\">\n<div class=\"wp-block-group has-white-background-color has-background has-global-padding is-layout-constrained wp-block-group-is-layout-constrained\" style=\"border-radius:40px;margin-top:var(--wp--preset--spacing--lg);margin-bottom:var(--wp--preset--spacing--lg)\">\n<div class=\"wp-block-media-text is-stacked-on-mobile is-style-primary-reversed\" style=\"padding-top:var(--wp--preset--spacing--lg);padding-right:4.8%;padding-bottom:var(--wp--preset--spacing--lg);padding-left:var(--wp--preset--spacing--lg);grid-template-columns:46% auto\"><figure class=\"wp-block-media-text__media\"><img loading=\"lazy\" decoding=\"async\" width=\"1024\" height=\"683\" src=\"https:\/\/www.procent.com\/wp-content\/uploads\/sites\/3\/2024\/06\/Procent-kantoor6870-1-1024x683.jpg\" alt=\"\" class=\"wp-image-995 size-full\" srcset=\"https:\/\/www.procent.com\/fr\/wp-content\/uploads\/sites\/3\/2024\/06\/Procent-kantoor6870-1-1024x683.jpg 1024w, https:\/\/www.procent.com\/fr\/wp-content\/uploads\/sites\/3\/2024\/06\/Procent-kantoor6870-1-300x200.jpg 300w, https:\/\/www.procent.com\/fr\/wp-content\/uploads\/sites\/3\/2024\/06\/Procent-kantoor6870-1-768x512.jpg 768w, https:\/\/www.procent.com\/fr\/wp-content\/uploads\/sites\/3\/2024\/06\/Procent-kantoor6870-1.jpg 1472w\" sizes=\"auto, (max-width: 1024px) 100vw, 1024px\" \/><\/figure><div class=\"wp-block-media-text__content\">\n<h3 class=\"wp-block-heading\" style=\"margin-bottom:var(--wp--preset--spacing--sm)\">Notre \u00e9quip\u00e9 d\u00e9vou\u00e9e<\/h3>\n\n\n\n<p class=\"has-medium-font-size\">Notre \u00e9quipe d\u00e9vou\u00e9e de plus de 55 professionnels travaille dur chaque jour pour proposer les meilleures offres \u00e0 nos membres. Nous garantissons une \u00e9pargne et des soins gratuits, afin que nos membres b\u00e9n\u00e9ficient en permanence des tarifs les plus bas ainsi que des &nbsp;conditions avantageuses. Ensemble, nous r\u00e9alisons vos objectifs d&rsquo;achat.<\/p>\n<\/div><\/div>\n<\/div>\n<\/div>\n","protected":false},"excerpt":{"rendered":"<p>Chez Procent, nous croyons au pouvoir de la collaboration. C&rsquo;est pourquoi \u00ab&nbsp;Better Together&nbsp;\u00bb n&rsquo;est pas seulement notre slogan, mais aussi notre devise. Plus fort ensemble En tant que partenaire d&rsquo;achat fiable et passionn\u00e9, nous travaillons en permanence avec nos clients, nos marques A et nos fournisseurs haut de gamme pour r\u00e9aliser des offres int\u00e9ressantes qui [&hellip;]<\/p>\n","protected":false},"author":1,"featured_media":0,"parent":0,"menu_order":0,"comment_status":"closed","ping_status":"closed","template":"","meta":{"footnotes":""},"class_list":["post-14","page","type-page","status-publish","hentry"],"yoast_head":"<!-- This site is optimized with the Yoast SEO plugin v27.5 - https:\/\/yoast.com\/product\/yoast-seo-wordpress\/ -->\n<title>\u00c0 propos de nous - Procent | FR<\/title>\n<meta name=\"robots\" content=\"index, follow, max-snippet:-1, max-image-preview:large, max-video-preview:-1\" \/>\n<link rel=\"canonical\" href=\"https:\/\/www.procent.com\/fr\/a-propos-de-nous\/\" \/>\n<meta property=\"og:locale\" content=\"fr_FR\" \/>\n<meta property=\"og:type\" content=\"article\" \/>\n<meta property=\"og:title\" content=\"\u00c0 propos de nous - Procent | FR\" \/>\n<meta property=\"og:description\" content=\"Chez Procent, nous croyons au pouvoir de la collaboration. C&rsquo;est pourquoi \u00ab&nbsp;Better Together&nbsp;\u00bb n&rsquo;est pas seulement notre slogan, mais aussi notre devise. Plus fort ensemble En tant que partenaire d&rsquo;achat fiable et passionn\u00e9, nous travaillons en permanence avec nos clients, nos marques A et nos fournisseurs haut de gamme pour r\u00e9aliser des offres int\u00e9ressantes qui [&hellip;]\" \/>\n<meta property=\"og:url\" content=\"https:\/\/www.procent.com\/fr\/a-propos-de-nous\/\" \/>\n<meta property=\"og:site_name\" content=\"Procent | FR\" \/>\n<meta property=\"article:modified_time\" content=\"2024-10-14T10:56:33+00:00\" \/>\n<meta property=\"og:image\" content=\"https:\/\/www.procent.com\/wp-content\/uploads\/sites\/3\/2024\/06\/Procent-kantoor6758.jpg\" \/>\n<meta name=\"twitter:card\" content=\"summary_large_image\" \/>\n<meta name=\"twitter:label1\" content=\"Dur\u00e9e de lecture estim\u00e9e\" \/>\n\t<meta name=\"twitter:data1\" content=\"3 minutes\" \/>\n<script type=\"application\/ld+json\" class=\"yoast-schema-graph\">{\"@context\":\"https:\\\/\\\/schema.org\",\"@graph\":[{\"@type\":\"WebPage\",\"@id\":\"https:\\\/\\\/www.procent.com\\\/fr\\\/a-propos-de-nous\\\/\",\"url\":\"https:\\\/\\\/www.procent.com\\\/fr\\\/a-propos-de-nous\\\/\",\"name\":\"\u00c0 propos de nous - Procent | FR\",\"isPartOf\":{\"@id\":\"https:\\\/\\\/www.procent.com\\\/fr\\\/#website\"},\"primaryImageOfPage\":{\"@id\":\"https:\\\/\\\/www.procent.com\\\/fr\\\/a-propos-de-nous\\\/#primaryimage\"},\"image\":{\"@id\":\"https:\\\/\\\/www.procent.com\\\/fr\\\/a-propos-de-nous\\\/#primaryimage\"},\"thumbnailUrl\":\"https:\\\/\\\/www.procent.com\\\/wp-content\\\/uploads\\\/sites\\\/3\\\/2024\\\/06\\\/Procent-kantoor6758.jpg\",\"datePublished\":\"2024-05-09T13:17:33+00:00\",\"dateModified\":\"2024-10-14T10:56:33+00:00\",\"breadcrumb\":{\"@id\":\"https:\\\/\\\/www.procent.com\\\/fr\\\/a-propos-de-nous\\\/#breadcrumb\"},\"inLanguage\":\"fr-FR\",\"potentialAction\":[{\"@type\":\"ReadAction\",\"target\":[\"https:\\\/\\\/www.procent.com\\\/fr\\\/a-propos-de-nous\\\/\"]}]},{\"@type\":\"ImageObject\",\"inLanguage\":\"fr-FR\",\"@id\":\"https:\\\/\\\/www.procent.com\\\/fr\\\/a-propos-de-nous\\\/#primaryimage\",\"url\":\"https:\\\/\\\/www.procent.com\\\/wp-content\\\/uploads\\\/sites\\\/3\\\/2024\\\/06\\\/Procent-kantoor6758.jpg\",\"contentUrl\":\"https:\\\/\\\/www.procent.com\\\/wp-content\\\/uploads\\\/sites\\\/3\\\/2024\\\/06\\\/Procent-kantoor6758.jpg\"},{\"@type\":\"BreadcrumbList\",\"@id\":\"https:\\\/\\\/www.procent.com\\\/fr\\\/a-propos-de-nous\\\/#breadcrumb\",\"itemListElement\":[{\"@type\":\"ListItem\",\"position\":1,\"name\":\"Home\",\"item\":\"https:\\\/\\\/www.procent.com\\\/fr\\\/\"},{\"@type\":\"ListItem\",\"position\":2,\"name\":\"\u00c0 propos de nous\"}]},{\"@type\":\"WebSite\",\"@id\":\"https:\\\/\\\/www.procent.com\\\/fr\\\/#website\",\"url\":\"https:\\\/\\\/www.procent.com\\\/fr\\\/\",\"name\":\"Procent | FR\",\"description\":\"\",\"potentialAction\":[{\"@type\":\"SearchAction\",\"target\":{\"@type\":\"EntryPoint\",\"urlTemplate\":\"https:\\\/\\\/www.procent.com\\\/fr\\\/?s={search_term_string}\"},\"query-input\":{\"@type\":\"PropertyValueSpecification\",\"valueRequired\":true,\"valueName\":\"search_term_string\"}}],\"inLanguage\":\"fr-FR\"}]}<\/script>\n<!-- \/ Yoast SEO plugin. -->","yoast_head_json":{"title":"\u00c0 propos de nous - Procent | FR","robots":{"index":"index","follow":"follow","max-snippet":"max-snippet:-1","max-image-preview":"max-image-preview:large","max-video-preview":"max-video-preview:-1"},"canonical":"https:\/\/www.procent.com\/fr\/a-propos-de-nous\/","og_locale":"fr_FR","og_type":"article","og_title":"\u00c0 propos de nous - Procent | FR","og_description":"Chez Procent, nous croyons au pouvoir de la collaboration. C&rsquo;est pourquoi \u00ab&nbsp;Better Together&nbsp;\u00bb n&rsquo;est pas seulement notre slogan, mais aussi notre devise. Plus fort ensemble En tant que partenaire d&rsquo;achat fiable et passionn\u00e9, nous travaillons en permanence avec nos clients, nos marques A et nos fournisseurs haut de gamme pour r\u00e9aliser des offres int\u00e9ressantes qui [&hellip;]","og_url":"https:\/\/www.procent.com\/fr\/a-propos-de-nous\/","og_site_name":"Procent | FR","article_modified_time":"2024-10-14T10:56:33+00:00","og_image":[{"url":"https:\/\/www.procent.com\/wp-content\/uploads\/sites\/3\/2024\/06\/Procent-kantoor6758.jpg","type":"","width":"","height":""}],"twitter_card":"summary_large_image","twitter_misc":{"Dur\u00e9e de lecture estim\u00e9e":"3 minutes"},"schema":{"@context":"https:\/\/schema.org","@graph":[{"@type":"WebPage","@id":"https:\/\/www.procent.com\/fr\/a-propos-de-nous\/","url":"https:\/\/www.procent.com\/fr\/a-propos-de-nous\/","name":"\u00c0 propos de nous - Procent | FR","isPartOf":{"@id":"https:\/\/www.procent.com\/fr\/#website"},"primaryImageOfPage":{"@id":"https:\/\/www.procent.com\/fr\/a-propos-de-nous\/#primaryimage"},"image":{"@id":"https:\/\/www.procent.com\/fr\/a-propos-de-nous\/#primaryimage"},"thumbnailUrl":"https:\/\/www.procent.com\/wp-content\/uploads\/sites\/3\/2024\/06\/Procent-kantoor6758.jpg","datePublished":"2024-05-09T13:17:33+00:00","dateModified":"2024-10-14T10:56:33+00:00","breadcrumb":{"@id":"https:\/\/www.procent.com\/fr\/a-propos-de-nous\/#breadcrumb"},"inLanguage":"fr-FR","potentialAction":[{"@type":"ReadAction","target":["https:\/\/www.procent.com\/fr\/a-propos-de-nous\/"]}]},{"@type":"ImageObject","inLanguage":"fr-FR","@id":"https:\/\/www.procent.com\/fr\/a-propos-de-nous\/#primaryimage","url":"https:\/\/www.procent.com\/wp-content\/uploads\/sites\/3\/2024\/06\/Procent-kantoor6758.jpg","contentUrl":"https:\/\/www.procent.com\/wp-content\/uploads\/sites\/3\/2024\/06\/Procent-kantoor6758.jpg"},{"@type":"BreadcrumbList","@id":"https:\/\/www.procent.com\/fr\/a-propos-de-nous\/#breadcrumb","itemListElement":[{"@type":"ListItem","position":1,"name":"Home","item":"https:\/\/www.procent.com\/fr\/"},{"@type":"ListItem","position":2,"name":"\u00c0 propos de nous"}]},{"@type":"WebSite","@id":"https:\/\/www.procent.com\/fr\/#website","url":"https:\/\/www.procent.com\/fr\/","name":"Procent | FR","description":"","potentialAction":[{"@type":"SearchAction","target":{"@type":"EntryPoint","urlTemplate":"https:\/\/www.procent.com\/fr\/?s={search_term_string}"},"query-input":{"@type":"PropertyValueSpecification","valueRequired":true,"valueName":"search_term_string"}}],"inLanguage":"fr-FR"}]}},"_links":{"self":[{"href":"https:\/\/www.procent.com\/fr\/wp-json\/wp\/v2\/pages\/14","targetHints":{"allow":["GET"]}}],"collection":[{"href":"https:\/\/www.procent.com\/fr\/wp-json\/wp\/v2\/pages"}],"about":[{"href":"https:\/\/www.procent.com\/fr\/wp-json\/wp\/v2\/types\/page"}],"author":[{"embeddable":true,"href":"https:\/\/www.procent.com\/fr\/wp-json\/wp\/v2\/users\/1"}],"replies":[{"embeddable":true,"href":"https:\/\/www.procent.com\/fr\/wp-json\/wp\/v2\/comments?post=14"}],"version-history":[{"count":38,"href":"https:\/\/www.procent.com\/fr\/wp-json\/wp\/v2\/pages\/14\/revisions"}],"predecessor-version":[{"id":1513,"href":"https:\/\/www.procent.com\/fr\/wp-json\/wp\/v2\/pages\/14\/revisions\/1513"}],"wp:attachment":[{"href":"https:\/\/www.procent.com\/fr\/wp-json\/wp\/v2\/media?parent=14"}],"curies":[{"name":"wp","href":"https:\/\/api.w.org\/{rel}","templated":true}]}}