{"id":12,"date":"2024-05-09T13:17:26","date_gmt":"2024-05-09T13:17:26","guid":{"rendered":"https:\/\/www.procent.com\/?page_id=12"},"modified":"2024-10-14T13:22:03","modified_gmt":"2024-10-14T13:22:03","slug":"partenaires","status":"publish","type":"page","link":"https:\/\/www.procent.com\/fr\/partenaires\/","title":{"rendered":"Partenaires"},"content":{"rendered":"\n<div class=\"wp-block-group has-global-padding is-layout-constrained wp-container-core-group-is-layout-3cf37735 wp-block-group-is-layout-constrained\" style=\"margin-top:40px;margin-bottom:100px;padding-right:20px;padding-left:20px\">\n<div class=\"wp-block-group has-global-padding is-layout-constrained wp-block-group-is-layout-constrained\">\n<p class=\"has-text-align-center\" style=\"font-style:normal;font-weight:600\">Partenaires<\/p>\n\n\n\n<h1 class=\"wp-block-heading has-text-align-center\">Nous travaillons ensemble avec<\/h1>\n\n\n\n<p class=\"has-text-align-center has-large-font-size\">D\u00e9couvrez les fournisseurs avec lesquels nous travaillons ici pour permettre \u00e0 votre entreprise de cro\u00eetre et de prosp\u00e9rer.<\/p>\n\n\n\n<div style=\"height:var(--wp--preset--spacing--sm)\" aria-hidden=\"true\" class=\"wp-block-spacer\"><\/div>\n\n\n\t<div class=\"wp-block-partners-grid\">\r\n\t\t<ul>\r\n\t\t\t\t\t\t\t<li title=\"Bacardi\">\r\n\t\t\t\t\t<img loading=\"lazy\" decoding=\"async\" width=\"100\" height=\"100\" src=\"https:\/\/www.procent.com\/fr\/wp-content\/uploads\/sites\/3\/2024\/06\/Logo-Bacardi-2.png\" class=\"attachment-post-thumbnail size-post-thumbnail wp-post-image\" alt=\"\" \/>\t\t\t\t<\/li>\r\n\t\t\t\t\t\t\t<li title=\"Diversey\">\r\n\t\t\t\t\t<img loading=\"lazy\" decoding=\"async\" width=\"133\" height=\"49\" src=\"https:\/\/www.procent.com\/fr\/wp-content\/uploads\/sites\/3\/2024\/06\/Logo-Diversey-2.png\" class=\"attachment-post-thumbnail size-post-thumbnail wp-post-image\" alt=\"\" \/>\t\t\t\t<\/li>\r\n\t\t\t\t\t\t\t<li title=\"Farm Frites\">\r\n\t\t\t\t\t<img loading=\"lazy\" decoding=\"async\" width=\"2560\" height=\"894\" src=\"https:\/\/www.procent.com\/fr\/wp-content\/uploads\/sites\/3\/2025\/04\/Farm-Frites-logo.png\" class=\"attachment-post-thumbnail size-post-thumbnail wp-post-image\" alt=\"\" srcset=\"https:\/\/www.procent.com\/fr\/wp-content\/uploads\/sites\/3\/2025\/04\/Farm-Frites-logo.png 2560w, https:\/\/www.procent.com\/fr\/wp-content\/uploads\/sites\/3\/2025\/04\/Farm-Frites-logo-300x105.png 300w, https:\/\/www.procent.com\/fr\/wp-content\/uploads\/sites\/3\/2025\/04\/Farm-Frites-logo-1024x358.png 1024w, https:\/\/www.procent.com\/fr\/wp-content\/uploads\/sites\/3\/2025\/04\/Farm-Frites-logo-768x268.png 768w, https:\/\/www.procent.com\/fr\/wp-content\/uploads\/sites\/3\/2025\/04\/Farm-Frites-logo-1536x536.png 1536w, https:\/\/www.procent.com\/fr\/wp-content\/uploads\/sites\/3\/2025\/04\/Farm-Frites-logo-2048x715.png 2048w\" sizes=\"auto, (max-width: 2560px) 100vw, 2560px\" \/>\t\t\t\t<\/li>\r\n\t\t\t\t\t\t\t<li title=\"Fiserv.\">\r\n\t\t\t\t\t<img loading=\"lazy\" decoding=\"async\" width=\"133\" height=\"49\" src=\"https:\/\/www.procent.com\/fr\/wp-content\/uploads\/sites\/3\/2025\/04\/Logo-Fiserv.png\" class=\"attachment-post-thumbnail size-post-thumbnail wp-post-image\" alt=\"\" \/>\t\t\t\t<\/li>\r\n\t\t\t\t\t\t\t<li title=\"Friesland Campina\">\r\n\t\t\t\t\t<img loading=\"lazy\" decoding=\"async\" width=\"133\" height=\"49\" src=\"https:\/\/www.procent.com\/fr\/wp-content\/uploads\/sites\/3\/2024\/07\/Logo-Friesland-Campina.png\" class=\"attachment-post-thumbnail size-post-thumbnail wp-post-image\" alt=\"\" \/>\t\t\t\t<\/li>\r\n\t\t\t\t\t\t\t<li title=\"Nieuwe Stroom\">\r\n\t\t\t\t\t<img loading=\"lazy\" decoding=\"async\" width=\"133\" height=\"36\" src=\"https:\/\/www.procent.com\/fr\/wp-content\/uploads\/sites\/3\/2024\/06\/Logo-Nieuwe-Stroom.png\" class=\"attachment-post-thumbnail size-post-thumbnail wp-post-image\" alt=\"\" \/>\t\t\t\t<\/li>\r\n\t\t\t\t\t\t\t<li title=\"Renewi\">\r\n\t\t\t\t\t<img loading=\"lazy\" decoding=\"async\" width=\"91\" height=\"51\" src=\"https:\/\/www.procent.com\/fr\/wp-content\/uploads\/sites\/3\/2024\/05\/renewi-logo.png\" class=\"attachment-post-thumbnail size-post-thumbnail wp-post-image\" alt=\"\" \/>\t\t\t\t<\/li>\r\n\t\t\t\t\t\t\t<li title=\"Worldline\">\r\n\t\t\t\t\t<img loading=\"lazy\" decoding=\"async\" width=\"133\" height=\"36\" src=\"https:\/\/www.procent.com\/fr\/wp-content\/uploads\/sites\/3\/2024\/06\/Logo-Worldline-1.png\" class=\"attachment-post-thumbnail size-post-thumbnail wp-post-image\" alt=\"\" \/>\t\t\t\t<\/li>\r\n\t\t\t\t\t\t\t<li title=\"YouLend\">\r\n\t\t\t\t\t<img loading=\"lazy\" decoding=\"async\" width=\"133\" height=\"49\" src=\"https:\/\/www.procent.com\/fr\/wp-content\/uploads\/sites\/3\/2024\/08\/Logo-YouLend.png\" class=\"attachment-post-thumbnail size-post-thumbnail wp-post-image\" alt=\"\" \/>\t\t\t\t<\/li>\r\n\t\t\t\t\t<\/ul>\r\n\t<\/div>\r\n\r\n\t<\/div>\n\n\n\n<div class=\"wp-block-group has-global-padding is-layout-constrained wp-block-group-is-layout-constrained\">\n<p class=\"has-text-align-center\" style=\"font-style:normal;font-weight:600\"><\/p>\n\n\n\n<div style=\"height:22px\" aria-hidden=\"true\" class=\"wp-block-spacer\"><\/div>\n\n\n\n<h1 class=\"wp-block-heading has-text-align-left has-extra-large-font-size\">Vous souhaitez devenir partenaires?<\/h1>\n\n\n\n<blockquote class=\"wp-block-quote is-layout-flow wp-block-quote-is-layout-flow\">\n<p class=\"has-text-align-left has-medium-grey-color has-text-color has-link-color has-medium-font-size wp-elements-ef21a5a7cb20aa7d615a6ddb92a20e72\">Avez-vous un produit ou un service avec lequel vous pouvez offrir une valeur ajout\u00e9e \u00e0 nos membres? <br>Vous \u00eates innovant, transparent, orient\u00e9 client, vous avez une affinit\u00e9 avec le monde de la restauration et vous souhaitez devenir partenaire?<\/p>\n<\/blockquote>\n\n\n\n<div style=\"height:0px\" aria-hidden=\"true\" class=\"wp-block-spacer\"><\/div>\n\n\n\n<div class=\"wp-block-buttons is-content-justification-left is-layout-flex wp-container-core-buttons-is-layout-fc4fd283 wp-block-buttons-is-layout-flex\">\n<div class=\"wp-block-button\"><a class=\"wp-block-button__link has-text-align-center wp-element-button\" href=\"https:\/\/www.procent.com\/fr\/contact\/\">Contactez-nous!<\/a><\/div>\n<\/div>\n<\/div>\n<\/div>\n\n\n\n<p><\/p>\n","protected":false},"excerpt":{"rendered":"<p>Partenaires Nous travaillons ensemble avec D\u00e9couvrez les fournisseurs avec lesquels nous travaillons ici pour permettre \u00e0 votre entreprise de cro\u00eetre et de prosp\u00e9rer. Vous souhaitez devenir partenaires? Avez-vous un produit ou un service avec lequel vous pouvez offrir une valeur ajout\u00e9e \u00e0 nos membres? Vous \u00eates innovant, transparent, orient\u00e9 client, vous avez une affinit\u00e9 avec [&hellip;]<\/p>\n","protected":false},"author":1,"featured_media":0,"parent":0,"menu_order":0,"comment_status":"closed","ping_status":"closed","template":"","meta":{"footnotes":""},"class_list":["post-12","page","type-page","status-publish","hentry"],"yoast_head":"<!-- This site is optimized with the Yoast SEO plugin v27.6 - https:\/\/yoast.com\/product\/yoast-seo-wordpress\/ -->\n<title>Partenaires - Procent | FR<\/title>\n<meta name=\"robots\" content=\"index, follow, max-snippet:-1, max-image-preview:large, max-video-preview:-1\" \/>\n<link rel=\"canonical\" href=\"https:\/\/www.procent.com\/fr\/partenaires\/\" \/>\n<meta property=\"og:locale\" content=\"fr_FR\" \/>\n<meta property=\"og:type\" content=\"article\" \/>\n<meta property=\"og:title\" content=\"Partenaires - Procent | FR\" \/>\n<meta property=\"og:description\" content=\"Partenaires Nous travaillons ensemble avec D\u00e9couvrez les fournisseurs avec lesquels nous travaillons ici pour permettre \u00e0 votre entreprise de cro\u00eetre et de prosp\u00e9rer. Vous souhaitez devenir partenaires? Avez-vous un produit ou un service avec lequel vous pouvez offrir une valeur ajout\u00e9e \u00e0 nos membres? Vous \u00eates innovant, transparent, orient\u00e9 client, vous avez une affinit\u00e9 avec [&hellip;]\" \/>\n<meta property=\"og:url\" content=\"https:\/\/www.procent.com\/fr\/partenaires\/\" \/>\n<meta property=\"og:site_name\" content=\"Procent | FR\" \/>\n<meta property=\"article:modified_time\" content=\"2024-10-14T13:22:03+00:00\" \/>\n<meta name=\"twitter:card\" content=\"summary_large_image\" \/>\n<meta name=\"twitter:label1\" content=\"Dur\u00e9e de lecture estim\u00e9e\" \/>\n\t<meta name=\"twitter:data1\" content=\"1 minute\" \/>\n<script type=\"application\/ld+json\" class=\"yoast-schema-graph\">{\"@context\":\"https:\\\/\\\/schema.org\",\"@graph\":[{\"@type\":\"WebPage\",\"@id\":\"https:\\\/\\\/www.procent.com\\\/fr\\\/partenaires\\\/\",\"url\":\"https:\\\/\\\/www.procent.com\\\/fr\\\/partenaires\\\/\",\"name\":\"Partenaires - Procent | FR\",\"isPartOf\":{\"@id\":\"https:\\\/\\\/www.procent.com\\\/fr\\\/#website\"},\"datePublished\":\"2024-05-09T13:17:26+00:00\",\"dateModified\":\"2024-10-14T13:22:03+00:00\",\"breadcrumb\":{\"@id\":\"https:\\\/\\\/www.procent.com\\\/fr\\\/partenaires\\\/#breadcrumb\"},\"inLanguage\":\"fr-FR\",\"potentialAction\":[{\"@type\":\"ReadAction\",\"target\":[\"https:\\\/\\\/www.procent.com\\\/fr\\\/partenaires\\\/\"]}]},{\"@type\":\"BreadcrumbList\",\"@id\":\"https:\\\/\\\/www.procent.com\\\/fr\\\/partenaires\\\/#breadcrumb\",\"itemListElement\":[{\"@type\":\"ListItem\",\"position\":1,\"name\":\"Home\",\"item\":\"https:\\\/\\\/www.procent.com\\\/fr\\\/\"},{\"@type\":\"ListItem\",\"position\":2,\"name\":\"Partenaires\"}]},{\"@type\":\"WebSite\",\"@id\":\"https:\\\/\\\/www.procent.com\\\/fr\\\/#website\",\"url\":\"https:\\\/\\\/www.procent.com\\\/fr\\\/\",\"name\":\"Procent | FR\",\"description\":\"\",\"potentialAction\":[{\"@type\":\"SearchAction\",\"target\":{\"@type\":\"EntryPoint\",\"urlTemplate\":\"https:\\\/\\\/www.procent.com\\\/fr\\\/?s={search_term_string}\"},\"query-input\":{\"@type\":\"PropertyValueSpecification\",\"valueRequired\":true,\"valueName\":\"search_term_string\"}}],\"inLanguage\":\"fr-FR\"}]}<\/script>\n<!-- \/ Yoast SEO plugin. -->","yoast_head_json":{"title":"Partenaires - Procent | FR","robots":{"index":"index","follow":"follow","max-snippet":"max-snippet:-1","max-image-preview":"max-image-preview:large","max-video-preview":"max-video-preview:-1"},"canonical":"https:\/\/www.procent.com\/fr\/partenaires\/","og_locale":"fr_FR","og_type":"article","og_title":"Partenaires - Procent | FR","og_description":"Partenaires Nous travaillons ensemble avec D\u00e9couvrez les fournisseurs avec lesquels nous travaillons ici pour permettre \u00e0 votre entreprise de cro\u00eetre et de prosp\u00e9rer. Vous souhaitez devenir partenaires? Avez-vous un produit ou un service avec lequel vous pouvez offrir une valeur ajout\u00e9e \u00e0 nos membres? Vous \u00eates innovant, transparent, orient\u00e9 client, vous avez une affinit\u00e9 avec [&hellip;]","og_url":"https:\/\/www.procent.com\/fr\/partenaires\/","og_site_name":"Procent | FR","article_modified_time":"2024-10-14T13:22:03+00:00","twitter_card":"summary_large_image","twitter_misc":{"Dur\u00e9e de lecture estim\u00e9e":"1 minute"},"schema":{"@context":"https:\/\/schema.org","@graph":[{"@type":"WebPage","@id":"https:\/\/www.procent.com\/fr\/partenaires\/","url":"https:\/\/www.procent.com\/fr\/partenaires\/","name":"Partenaires - Procent | FR","isPartOf":{"@id":"https:\/\/www.procent.com\/fr\/#website"},"datePublished":"2024-05-09T13:17:26+00:00","dateModified":"2024-10-14T13:22:03+00:00","breadcrumb":{"@id":"https:\/\/www.procent.com\/fr\/partenaires\/#breadcrumb"},"inLanguage":"fr-FR","potentialAction":[{"@type":"ReadAction","target":["https:\/\/www.procent.com\/fr\/partenaires\/"]}]},{"@type":"BreadcrumbList","@id":"https:\/\/www.procent.com\/fr\/partenaires\/#breadcrumb","itemListElement":[{"@type":"ListItem","position":1,"name":"Home","item":"https:\/\/www.procent.com\/fr\/"},{"@type":"ListItem","position":2,"name":"Partenaires"}]},{"@type":"WebSite","@id":"https:\/\/www.procent.com\/fr\/#website","url":"https:\/\/www.procent.com\/fr\/","name":"Procent | FR","description":"","potentialAction":[{"@type":"SearchAction","target":{"@type":"EntryPoint","urlTemplate":"https:\/\/www.procent.com\/fr\/?s={search_term_string}"},"query-input":{"@type":"PropertyValueSpecification","valueRequired":true,"valueName":"search_term_string"}}],"inLanguage":"fr-FR"}]}},"_links":{"self":[{"href":"https:\/\/www.procent.com\/fr\/wp-json\/wp\/v2\/pages\/12","targetHints":{"allow":["GET"]}}],"collection":[{"href":"https:\/\/www.procent.com\/fr\/wp-json\/wp\/v2\/pages"}],"about":[{"href":"https:\/\/www.procent.com\/fr\/wp-json\/wp\/v2\/types\/page"}],"author":[{"embeddable":true,"href":"https:\/\/www.procent.com\/fr\/wp-json\/wp\/v2\/users\/1"}],"replies":[{"embeddable":true,"href":"https:\/\/www.procent.com\/fr\/wp-json\/wp\/v2\/comments?post=12"}],"version-history":[{"count":12,"href":"https:\/\/www.procent.com\/fr\/wp-json\/wp\/v2\/pages\/12\/revisions"}],"predecessor-version":[{"id":1532,"href":"https:\/\/www.procent.com\/fr\/wp-json\/wp\/v2\/pages\/12\/revisions\/1532"}],"wp:attachment":[{"href":"https:\/\/www.procent.com\/fr\/wp-json\/wp\/v2\/media?parent=12"}],"curies":[{"name":"wp","href":"https:\/\/api.w.org\/{rel}","templated":true}]}}