{"id":24,"date":"2024-05-09T13:32:17","date_gmt":"2024-05-09T13:32:17","guid":{"rendered":"https:\/\/www.procent.com\/?page_id=24"},"modified":"2024-09-12T09:54:02","modified_gmt":"2024-09-12T09:54:02","slug":"klantenverhalen","status":"publish","type":"page","link":"https:\/\/www.procent.com\/be\/klantenverhalen\/","title":{"rendered":"Klantenverhalen"},"content":{"rendered":"\n<div class=\"wp-block-group has-global-padding is-layout-constrained wp-block-group-is-layout-constrained\">\n<div style=\"height:36px\" aria-hidden=\"true\" class=\"wp-block-spacer\"><\/div>\n\n\n\n<h1 class=\"wp-block-heading has-text-align-left\">Klantverhalen<\/h1>\n\n\n\t<div class=\"wp-block-blog-posts\">\r\n\t\t<ul>\r\n\t\t\t\t\t\t\t<li>\r\n\t\t\t\t\t<div class=\"wp-block-blog-post\">\r\n\t\t\t\t\t\t<div class=\"blog-post__image\">\r\n\t\t\t\t\t\t\t<div class=\"blog-post__image-inner\">\r\n\t\t\t\t\t\t\t\t<img loading=\"lazy\" decoding=\"async\" width=\"768\" height=\"512\" src=\"https:\/\/www.procent.com\/be\/wp-content\/uploads\/sites\/4\/2024\/07\/DSC09056-scaled-2-768x512.jpg\" class=\"attachment-medium_large size-medium_large wp-post-image\" alt=\"\" srcset=\"https:\/\/www.procent.com\/be\/wp-content\/uploads\/sites\/4\/2024\/07\/DSC09056-scaled-2-768x512.jpg 768w, https:\/\/www.procent.com\/be\/wp-content\/uploads\/sites\/4\/2024\/07\/DSC09056-scaled-2-300x200.jpg 300w, https:\/\/www.procent.com\/be\/wp-content\/uploads\/sites\/4\/2024\/07\/DSC09056-scaled-2-1024x683.jpg 1024w, https:\/\/www.procent.com\/be\/wp-content\/uploads\/sites\/4\/2024\/07\/DSC09056-scaled-2-1536x1024.jpg 1536w, https:\/\/www.procent.com\/be\/wp-content\/uploads\/sites\/4\/2024\/07\/DSC09056-scaled-2-2048x1366.jpg 2048w\" sizes=\"auto, (max-width: 768px) 100vw, 768px\" \/>\t\t\t\t\t\t\t<\/div><!-- \/.blog-post__image-inner -->\r\n\r\n\t\t\t\t\t\t\t<div class=\"wp-block-button\">\r\n\t\t\t\t\t\t\t\t<a class=\"wp-block-button__link wp-element-button\" href=\"https:\/\/www.procent.com\/be\/2024\/10\/14\/coupe-de-nice-sable-blanc-bistro-boudoir-en-charlies\/\">Lees meer<\/a>\r\n\t\t\t\t\t\t\t<\/div>\r\n\t\t\t\t\t\t<\/div><!-- \/.blog-post__image -->\r\n\r\n\t\t\t\t\t\t<div class=\"blog-post__content\">\r\n\t\t\t\t\t\t\t<div class=\"blog-post__entry\">\r\n\t\t\t\t\t\t\t\t<h4>Coupe de Nice, Sable Blanc, Bistro Boudoir en Charlie&#8217;s<\/h4>\r\n\r\n\t\t\t\t\t\t\t\t<p><p>Vanaf de eerste dag dat we kennis kwamen maken voelden wij ons direct thuis. Procent geeft ons een vertrouwd gevoel. Vooral de korte lijnen in de communicatie en een direct aanspreekpunt is iets waar wij bij Sable Blanc veel waarde aan hechten. Zeer tevreden over de service.<\/p>\n<\/p>\r\n\t\t\t\t\t\t\t<\/div><!-- \/.blog-post__entry -->\r\n\r\n\t\t\t\t\t\t\t<div class=\"blog-post__meta\">\r\n\t\t\t\t\t\t\t\t<ul>\r\n\t\t\t\t\t\t\t\t\t\t\t\t\t\t\t\t\t<\/ul>\r\n\t\t\t\t\t\t\t<\/div><!-- \/.blog-post__meta -->\r\n\t\t\t\t\t\t<\/div><!-- \/.blog-post__content -->\r\n\t\t\t\t\t<\/div><!-- \/.wp-block-blog-post -->\r\n\t\t\t\t<\/li>\r\n\t\t\t\t\t\t\t<li>\r\n\t\t\t\t\t<div class=\"wp-block-blog-post\">\r\n\t\t\t\t\t\t<div class=\"blog-post__image\">\r\n\t\t\t\t\t\t\t<div class=\"blog-post__image-inner\">\r\n\t\t\t\t\t\t\t\t<img loading=\"lazy\" decoding=\"async\" width=\"768\" height=\"513\" src=\"https:\/\/www.procent.com\/be\/wp-content\/uploads\/sites\/4\/2024\/10\/image0-1-800x534-1-768x513.jpeg\" class=\"attachment-medium_large size-medium_large wp-post-image\" alt=\"\" srcset=\"https:\/\/www.procent.com\/be\/wp-content\/uploads\/sites\/4\/2024\/10\/image0-1-800x534-1-768x513.jpeg 768w, https:\/\/www.procent.com\/be\/wp-content\/uploads\/sites\/4\/2024\/10\/image0-1-800x534-1-300x200.jpeg 300w, https:\/\/www.procent.com\/be\/wp-content\/uploads\/sites\/4\/2024\/10\/image0-1-800x534-1.jpeg 800w\" sizes=\"auto, (max-width: 768px) 100vw, 768px\" \/>\t\t\t\t\t\t\t<\/div><!-- \/.blog-post__image-inner -->\r\n\r\n\t\t\t\t\t\t\t<div class=\"wp-block-button\">\r\n\t\t\t\t\t\t\t\t<a class=\"wp-block-button__link wp-element-button\" href=\"https:\/\/www.procent.com\/be\/2024\/10\/14\/jardin-de-lamandier-le-cypres-2\/\">Lees meer<\/a>\r\n\t\t\t\t\t\t\t<\/div>\r\n\t\t\t\t\t\t<\/div><!-- \/.blog-post__image -->\r\n\r\n\t\t\t\t\t\t<div class=\"blog-post__content\">\r\n\t\t\t\t\t\t\t<div class=\"blog-post__entry\">\r\n\t\t\t\t\t\t\t\t<h4>Jardin de L&#8217;amandier &amp; Le Cypr\u00e8s<\/h4>\r\n\r\n\t\t\t\t\t\t\t\t<p><p>Door Procent kunnen wij ons focussen op wat we echt belangrijk vinden: onze klanten. De accountmanager van Procent is heel proactief en staat altijd klaar om ons te helpen. Daarnaast is het heel fijn en makkelijk dat de verschillende productgroepen door een vast contactpersoon geregeld worden. We raden Procent aan iedereen aan!<\/p>\n<\/p>\r\n\t\t\t\t\t\t\t<\/div><!-- \/.blog-post__entry -->\r\n\r\n\t\t\t\t\t\t\t<div class=\"blog-post__meta\">\r\n\t\t\t\t\t\t\t\t<ul>\r\n\t\t\t\t\t\t\t\t\t\t\t\t\t\t\t\t\t<\/ul>\r\n\t\t\t\t\t\t\t<\/div><!-- \/.blog-post__meta -->\r\n\t\t\t\t\t\t<\/div><!-- \/.blog-post__content -->\r\n\t\t\t\t\t<\/div><!-- \/.wp-block-blog-post -->\r\n\t\t\t\t<\/li>\r\n\t\t\t\t\t\t\t<li>\r\n\t\t\t\t\t<div class=\"wp-block-blog-post\">\r\n\t\t\t\t\t\t<div class=\"blog-post__image\">\r\n\t\t\t\t\t\t\t<div class=\"blog-post__image-inner\">\r\n\t\t\t\t\t\t\t\t<img loading=\"lazy\" decoding=\"async\" width=\"768\" height=\"512\" src=\"https:\/\/www.procent.com\/be\/wp-content\/uploads\/sites\/4\/2024\/07\/249751730_186953903509465_7869711003679008964_n-1030x686-1-768x512.jpg\" class=\"attachment-medium_large size-medium_large wp-post-image\" alt=\"\" srcset=\"https:\/\/www.procent.com\/be\/wp-content\/uploads\/sites\/4\/2024\/07\/249751730_186953903509465_7869711003679008964_n-1030x686-1-768x512.jpg 768w, https:\/\/www.procent.com\/be\/wp-content\/uploads\/sites\/4\/2024\/07\/249751730_186953903509465_7869711003679008964_n-1030x686-1-300x200.jpg 300w, https:\/\/www.procent.com\/be\/wp-content\/uploads\/sites\/4\/2024\/07\/249751730_186953903509465_7869711003679008964_n-1030x686-1-1024x682.jpg 1024w, https:\/\/www.procent.com\/be\/wp-content\/uploads\/sites\/4\/2024\/07\/249751730_186953903509465_7869711003679008964_n-1030x686-1.jpg 1030w\" sizes=\"auto, (max-width: 768px) 100vw, 768px\" \/>\t\t\t\t\t\t\t<\/div><!-- \/.blog-post__image-inner -->\r\n\r\n\t\t\t\t\t\t\t<div class=\"wp-block-button\">\r\n\t\t\t\t\t\t\t\t<a class=\"wp-block-button__link wp-element-button\" href=\"https:\/\/www.procent.com\/be\/2024\/10\/14\/restaurant-hotel-ter-heide\/\">Lees meer<\/a>\r\n\t\t\t\t\t\t\t<\/div>\r\n\t\t\t\t\t\t<\/div><!-- \/.blog-post__image -->\r\n\r\n\t\t\t\t\t\t<div class=\"blog-post__content\">\r\n\t\t\t\t\t\t\t<div class=\"blog-post__entry\">\r\n\t\t\t\t\t\t\t\t<h4>Restaurant Hotel Ter Heide<\/h4>\r\n\r\n\t\t\t\t\t\t\t\t<p><p>Uitgaven en kosten kritisch bekijken is zeer belangrijk in de job. Hierbij is Procent een betrouwbare partner die een gedeelte van deze taak met succes van ons overneemt.<\/p>\n<\/p>\r\n\t\t\t\t\t\t\t<\/div><!-- \/.blog-post__entry -->\r\n\r\n\t\t\t\t\t\t\t<div class=\"blog-post__meta\">\r\n\t\t\t\t\t\t\t\t<ul>\r\n\t\t\t\t\t\t\t\t\t\t\t\t\t\t\t\t\t<\/ul>\r\n\t\t\t\t\t\t\t<\/div><!-- \/.blog-post__meta -->\r\n\t\t\t\t\t\t<\/div><!-- \/.blog-post__content -->\r\n\t\t\t\t\t<\/div><!-- \/.wp-block-blog-post -->\r\n\t\t\t\t<\/li>\r\n\t\t\t\t\t\t\t<li>\r\n\t\t\t\t\t<div class=\"wp-block-blog-post\">\r\n\t\t\t\t\t\t<div class=\"blog-post__image\">\r\n\t\t\t\t\t\t\t<div class=\"blog-post__image-inner\">\r\n\t\t\t\t\t\t\t\t<img loading=\"lazy\" decoding=\"async\" width=\"768\" height=\"533\" src=\"https:\/\/www.procent.com\/be\/wp-content\/uploads\/sites\/4\/2024\/10\/aupainmarie6-1-768x533.jpg\" class=\"attachment-medium_large size-medium_large wp-post-image\" alt=\"\" srcset=\"https:\/\/www.procent.com\/be\/wp-content\/uploads\/sites\/4\/2024\/10\/aupainmarie6-1-768x533.jpg 768w, https:\/\/www.procent.com\/be\/wp-content\/uploads\/sites\/4\/2024\/10\/aupainmarie6-1-300x208.jpg 300w, https:\/\/www.procent.com\/be\/wp-content\/uploads\/sites\/4\/2024\/10\/aupainmarie6-1.jpg 865w\" sizes=\"auto, (max-width: 768px) 100vw, 768px\" \/>\t\t\t\t\t\t\t<\/div><!-- \/.blog-post__image-inner -->\r\n\r\n\t\t\t\t\t\t\t<div class=\"wp-block-button\">\r\n\t\t\t\t\t\t\t\t<a class=\"wp-block-button__link wp-element-button\" href=\"https:\/\/www.procent.com\/be\/2024\/10\/14\/jardin-de-lamandier-le-cypres\/\">Lees meer<\/a>\r\n\t\t\t\t\t\t\t<\/div>\r\n\t\t\t\t\t\t<\/div><!-- \/.blog-post__image -->\r\n\r\n\t\t\t\t\t\t<div class=\"blog-post__content\">\r\n\t\t\t\t\t\t\t<div class=\"blog-post__entry\">\r\n\t\t\t\t\t\t\t\t<h4>Restaurant Au pain Marie<\/h4>\r\n\r\n\t\t\t\t\t\t\t\t<p><p>Nous travaillons avec Kristof depuis plusieurs ann\u00e9es maintenant et nous sommes tr\u00e8s satisfaits de la mani\u00e8re dont cela fonctionne. Il cherche toujours ce qui pourrait \u00eatre avantageux pour nous, et nos frais de bancontact sont d\u00e9j\u00e0 beaucoup plus bas qu\u2019avant. Nous avons d\u00e9j\u00e0 recommand\u00e9 Procent \u00e0 de nombreuses personnes.<\/p>\n<\/p>\r\n\t\t\t\t\t\t\t<\/div><!-- \/.blog-post__entry -->\r\n\r\n\t\t\t\t\t\t\t<div class=\"blog-post__meta\">\r\n\t\t\t\t\t\t\t\t<ul>\r\n\t\t\t\t\t\t\t\t\t\t\t\t\t\t\t\t\t<\/ul>\r\n\t\t\t\t\t\t\t<\/div><!-- \/.blog-post__meta -->\r\n\t\t\t\t\t\t<\/div><!-- \/.blog-post__content -->\r\n\t\t\t\t\t<\/div><!-- \/.wp-block-blog-post -->\r\n\t\t\t\t<\/li>\r\n\t\t\t\t\t\t\t<li>\r\n\t\t\t\t\t<div class=\"wp-block-blog-post\">\r\n\t\t\t\t\t\t<div class=\"blog-post__image\">\r\n\t\t\t\t\t\t\t<div class=\"blog-post__image-inner\">\r\n\t\t\t\t\t\t\t\t<img loading=\"lazy\" decoding=\"async\" width=\"630\" height=\"378\" src=\"https:\/\/www.procent.com\/be\/wp-content\/uploads\/sites\/4\/2024\/10\/la-traverse-merelbeke-22031109581362.webp\" class=\"attachment-medium_large size-medium_large wp-post-image\" alt=\"\" srcset=\"https:\/\/www.procent.com\/be\/wp-content\/uploads\/sites\/4\/2024\/10\/la-traverse-merelbeke-22031109581362.webp 630w, https:\/\/www.procent.com\/be\/wp-content\/uploads\/sites\/4\/2024\/10\/la-traverse-merelbeke-22031109581362-300x180.webp 300w\" sizes=\"auto, (max-width: 630px) 100vw, 630px\" \/>\t\t\t\t\t\t\t<\/div><!-- \/.blog-post__image-inner -->\r\n\r\n\t\t\t\t\t\t\t<div class=\"wp-block-button\">\r\n\t\t\t\t\t\t\t\t<a class=\"wp-block-button__link wp-element-button\" href=\"https:\/\/www.procent.com\/be\/2024\/10\/14\/la-traverse\/\">Lees meer<\/a>\r\n\t\t\t\t\t\t\t<\/div>\r\n\t\t\t\t\t\t<\/div><!-- \/.blog-post__image -->\r\n\r\n\t\t\t\t\t\t<div class=\"blog-post__content\">\r\n\t\t\t\t\t\t\t<div class=\"blog-post__entry\">\r\n\t\t\t\t\t\t\t\t<h4>La Traverse<\/h4>\r\n\r\n\t\t\t\t\t\t\t\t<p><p>We zijn heel erg tevreden over de professionele aanpak van Procent. Ik raad hen iedereen aan. Zij zorgen voor een vlekkeloze overstap en bekijken wat het beste overeenstemt met uw firma. Wie wil er de dag van vandaag niet besparen.<\/p>\n<\/p>\r\n\t\t\t\t\t\t\t<\/div><!-- \/.blog-post__entry -->\r\n\r\n\t\t\t\t\t\t\t<div class=\"blog-post__meta\">\r\n\t\t\t\t\t\t\t\t<ul>\r\n\t\t\t\t\t\t\t\t\t\t\t\t\t\t\t\t\t<\/ul>\r\n\t\t\t\t\t\t\t<\/div><!-- \/.blog-post__meta -->\r\n\t\t\t\t\t\t<\/div><!-- \/.blog-post__content -->\r\n\t\t\t\t\t<\/div><!-- \/.wp-block-blog-post -->\r\n\t\t\t\t<\/li>\r\n\t\t\t\t\t\t\t<li>\r\n\t\t\t\t\t<div class=\"wp-block-blog-post\">\r\n\t\t\t\t\t\t<div class=\"blog-post__image\">\r\n\t\t\t\t\t\t\t<div class=\"blog-post__image-inner\">\r\n\t\t\t\t\t\t\t\t<img loading=\"lazy\" decoding=\"async\" width=\"768\" height=\"576\" src=\"https:\/\/www.procent.com\/be\/wp-content\/uploads\/sites\/4\/2024\/07\/club-benelux-768x576.jpeg\" class=\"attachment-medium_large size-medium_large wp-post-image\" alt=\"\" srcset=\"https:\/\/www.procent.com\/be\/wp-content\/uploads\/sites\/4\/2024\/07\/club-benelux-768x576.jpeg 768w, https:\/\/www.procent.com\/be\/wp-content\/uploads\/sites\/4\/2024\/07\/club-benelux-300x225.jpeg 300w, https:\/\/www.procent.com\/be\/wp-content\/uploads\/sites\/4\/2024\/07\/club-benelux-1024x768.jpeg 1024w, https:\/\/www.procent.com\/be\/wp-content\/uploads\/sites\/4\/2024\/07\/club-benelux-1536x1152.jpeg 1536w, https:\/\/www.procent.com\/be\/wp-content\/uploads\/sites\/4\/2024\/07\/club-benelux.jpeg 1600w\" sizes=\"auto, (max-width: 768px) 100vw, 768px\" \/>\t\t\t\t\t\t\t<\/div><!-- \/.blog-post__image-inner -->\r\n\r\n\t\t\t\t\t\t\t<div class=\"wp-block-button\">\r\n\t\t\t\t\t\t\t\t<a class=\"wp-block-button__link wp-element-button\" href=\"https:\/\/www.procent.com\/be\/2024\/07\/15\/club-benelux-la-roche-en-ardenne\/\">Lees meer<\/a>\r\n\t\t\t\t\t\t\t<\/div>\r\n\t\t\t\t\t\t<\/div><!-- \/.blog-post__image -->\r\n\r\n\t\t\t\t\t\t<div class=\"blog-post__content\">\r\n\t\t\t\t\t\t\t<div class=\"blog-post__entry\">\r\n\t\t\t\t\t\t\t\t<h4>Club Benelux La-Roche-en-Ardenne<\/h4>\r\n\r\n\t\t\t\t\t\t\t\t<p><p>Wij kwamen bij Procent vanwege hun voordelige tarieven en snelle service. Procent onderscheidt zich door een eerlijke opinie en kennis van de markt. Voor ons was de belangrijkste verandering de voordelige transactietarieven. De overgang verliep soepel en communicatie was vlot.<\/p>\n<\/p>\r\n\t\t\t\t\t\t\t<\/div><!-- \/.blog-post__entry -->\r\n\r\n\t\t\t\t\t\t\t<div class=\"blog-post__meta\">\r\n\t\t\t\t\t\t\t\t<ul>\r\n\t\t\t\t\t\t\t\t\t\t\t\t\t\t\t\t\t<\/ul>\r\n\t\t\t\t\t\t\t<\/div><!-- \/.blog-post__meta -->\r\n\t\t\t\t\t\t<\/div><!-- \/.blog-post__content -->\r\n\t\t\t\t\t<\/div><!-- \/.wp-block-blog-post -->\r\n\t\t\t\t<\/li>\r\n\t\t\t\t\t\t\t<li>\r\n\t\t\t\t\t<div class=\"wp-block-blog-post\">\r\n\t\t\t\t\t\t<div class=\"blog-post__image\">\r\n\t\t\t\t\t\t\t<div class=\"blog-post__image-inner\">\r\n\t\t\t\t\t\t\t\t<img loading=\"lazy\" decoding=\"async\" width=\"768\" height=\"450\" src=\"https:\/\/www.procent.com\/be\/wp-content\/uploads\/sites\/4\/2024\/07\/grankaffee-390x390-1-e1633468674769-800x469-1-768x450.jpeg\" class=\"attachment-medium_large size-medium_large wp-post-image\" alt=\"\" srcset=\"https:\/\/www.procent.com\/be\/wp-content\/uploads\/sites\/4\/2024\/07\/grankaffee-390x390-1-e1633468674769-800x469-1-768x450.jpeg 768w, https:\/\/www.procent.com\/be\/wp-content\/uploads\/sites\/4\/2024\/07\/grankaffee-390x390-1-e1633468674769-800x469-1-300x176.jpeg 300w, https:\/\/www.procent.com\/be\/wp-content\/uploads\/sites\/4\/2024\/07\/grankaffee-390x390-1-e1633468674769-800x469-1.jpeg 800w\" sizes=\"auto, (max-width: 768px) 100vw, 768px\" \/>\t\t\t\t\t\t\t<\/div><!-- \/.blog-post__image-inner -->\r\n\r\n\t\t\t\t\t\t\t<div class=\"wp-block-button\">\r\n\t\t\t\t\t\t\t\t<a class=\"wp-block-button__link wp-element-button\" href=\"https:\/\/www.procent.com\/be\/2024\/07\/15\/hotel-en-gran-kaffee-de-passage\/\">Lees meer<\/a>\r\n\t\t\t\t\t\t\t<\/div>\r\n\t\t\t\t\t\t<\/div><!-- \/.blog-post__image -->\r\n\r\n\t\t\t\t\t\t<div class=\"blog-post__content\">\r\n\t\t\t\t\t\t\t<div class=\"blog-post__entry\">\r\n\t\t\t\t\t\t\t\t<h4>Gran Hotel de Passage<\/h4>\r\n\r\n\t\t\t\t\t\t\t\t<p><p>Start met Procent, niet over twijfelen! Top advies, zeer goede en correcte service. \u00c9\u00e9n berichtje, \u00e9\u00e9n mail en uw wensen worden voldaan. Zij zorgen voor alles, vlekkeloze overstap en begeleiding. Ik raad Procent aan voor alle diensten waar zij over beschikken.<\/p>\n<\/p>\r\n\t\t\t\t\t\t\t<\/div><!-- \/.blog-post__entry -->\r\n\r\n\t\t\t\t\t\t\t<div class=\"blog-post__meta\">\r\n\t\t\t\t\t\t\t\t<ul>\r\n\t\t\t\t\t\t\t\t\t\t\t\t\t\t\t\t\t<\/ul>\r\n\t\t\t\t\t\t\t<\/div><!-- \/.blog-post__meta -->\r\n\t\t\t\t\t\t<\/div><!-- \/.blog-post__content -->\r\n\t\t\t\t\t<\/div><!-- \/.wp-block-blog-post -->\r\n\t\t\t\t<\/li>\r\n\t\t\t\t\t\t\t<li>\r\n\t\t\t\t\t<div class=\"wp-block-blog-post\">\r\n\t\t\t\t\t\t<div class=\"blog-post__image\">\r\n\t\t\t\t\t\t\t<div class=\"blog-post__image-inner\">\r\n\t\t\t\t\t\t\t\t<img loading=\"lazy\" decoding=\"async\" width=\"768\" height=\"512\" src=\"https:\/\/www.procent.com\/be\/wp-content\/uploads\/sites\/4\/2024\/07\/DSC00318-2-1024x683-1-768x512.jpg\" class=\"attachment-medium_large size-medium_large wp-post-image\" alt=\"\" srcset=\"https:\/\/www.procent.com\/be\/wp-content\/uploads\/sites\/4\/2024\/07\/DSC00318-2-1024x683-1-768x512.jpg 768w, https:\/\/www.procent.com\/be\/wp-content\/uploads\/sites\/4\/2024\/07\/DSC00318-2-1024x683-1-300x200.jpg 300w, https:\/\/www.procent.com\/be\/wp-content\/uploads\/sites\/4\/2024\/07\/DSC00318-2-1024x683-1.jpg 1024w\" sizes=\"auto, (max-width: 768px) 100vw, 768px\" \/>\t\t\t\t\t\t\t<\/div><!-- \/.blog-post__image-inner -->\r\n\r\n\t\t\t\t\t\t\t<div class=\"wp-block-button\">\r\n\t\t\t\t\t\t\t\t<a class=\"wp-block-button__link wp-element-button\" href=\"https:\/\/www.procent.com\/be\/2024\/07\/12\/restaurant-wilhelmina\/\">Lees meer<\/a>\r\n\t\t\t\t\t\t\t<\/div>\r\n\t\t\t\t\t\t<\/div><!-- \/.blog-post__image -->\r\n\r\n\t\t\t\t\t\t<div class=\"blog-post__content\">\r\n\t\t\t\t\t\t\t<div class=\"blog-post__entry\">\r\n\t\t\t\t\t\t\t\t<h4>L\u2019Escale<\/h4>\r\n\r\n\t\t\t\t\t\t\t\t<p><p>L\u2019\u00e9quipe de L\u2019Escale reconna\u00eet que Procent se distingue en proposant \u00e0 la fois des tarifs concurrentiels sur diff\u00e9rents secteurs et une localisation g\u00e9ographique avantageuse. De plus, la disponibilit\u00e9 constante d\u2019Adrien en cas de n\u00e9cessit\u00e9 est tr\u00e8s appr\u00e9ci\u00e9e.<\/p>\n<\/p>\r\n\t\t\t\t\t\t\t<\/div><!-- \/.blog-post__entry -->\r\n\r\n\t\t\t\t\t\t\t<div class=\"blog-post__meta\">\r\n\t\t\t\t\t\t\t\t<ul>\r\n\t\t\t\t\t\t\t\t\t\t\t\t\t\t\t\t\t<\/ul>\r\n\t\t\t\t\t\t\t<\/div><!-- \/.blog-post__meta -->\r\n\t\t\t\t\t\t<\/div><!-- \/.blog-post__content -->\r\n\t\t\t\t\t<\/div><!-- \/.wp-block-blog-post -->\r\n\t\t\t\t<\/li>\r\n\t\t\t\t\t\t\t<li>\r\n\t\t\t\t\t<div class=\"wp-block-blog-post\">\r\n\t\t\t\t\t\t<div class=\"blog-post__image\">\r\n\t\t\t\t\t\t\t<div class=\"blog-post__image-inner\">\r\n\t\t\t\t\t\t\t\t<img loading=\"lazy\" decoding=\"async\" width=\"768\" height=\"551\" src=\"https:\/\/www.procent.com\/be\/wp-content\/uploads\/sites\/4\/2024\/07\/2022-09-02-1-768x551.jpeg\" class=\"attachment-medium_large size-medium_large wp-post-image\" alt=\"\" srcset=\"https:\/\/www.procent.com\/be\/wp-content\/uploads\/sites\/4\/2024\/07\/2022-09-02-1-768x551.jpeg 768w, https:\/\/www.procent.com\/be\/wp-content\/uploads\/sites\/4\/2024\/07\/2022-09-02-1-300x215.jpeg 300w, https:\/\/www.procent.com\/be\/wp-content\/uploads\/sites\/4\/2024\/07\/2022-09-02-1-1024x735.jpeg 1024w, https:\/\/www.procent.com\/be\/wp-content\/uploads\/sites\/4\/2024\/07\/2022-09-02-1.jpeg 1360w\" sizes=\"auto, (max-width: 768px) 100vw, 768px\" \/>\t\t\t\t\t\t\t<\/div><!-- \/.blog-post__image-inner -->\r\n\r\n\t\t\t\t\t\t\t<div class=\"wp-block-button\">\r\n\t\t\t\t\t\t\t\t<a class=\"wp-block-button__link wp-element-button\" href=\"https:\/\/www.procent.com\/be\/2024\/07\/04\/klantverhaal-1\/\">Lees meer<\/a>\r\n\t\t\t\t\t\t\t<\/div>\r\n\t\t\t\t\t\t<\/div><!-- \/.blog-post__image -->\r\n\r\n\t\t\t\t\t\t<div class=\"blog-post__content\">\r\n\t\t\t\t\t\t\t<div class=\"blog-post__entry\">\r\n\t\t\t\t\t\t\t\t<h4>Hof van Vlaanderen<\/h4>\r\n\r\n\t\t\t\t\t\t\t\t<p><p>Client satisfait de Procent depuis des ann\u00e9es tant pour l\u2019alimentaire, le non alimentaire, le terminal de paiement que pour l\u2019\u00e9nergie. Une \u00e9quipe au top qui travaille constamment \u00e0 suivre les meilleurs prix dans les achats group\u00e9s.<\/p>\n<\/p>\r\n\t\t\t\t\t\t\t<\/div><!-- \/.blog-post__entry -->\r\n\r\n\t\t\t\t\t\t\t<div class=\"blog-post__meta\">\r\n\t\t\t\t\t\t\t\t<ul>\r\n\t\t\t\t\t\t\t\t\t\t\t\t\t\t\t\t\t<\/ul>\r\n\t\t\t\t\t\t\t<\/div><!-- \/.blog-post__meta -->\r\n\t\t\t\t\t\t<\/div><!-- \/.blog-post__content -->\r\n\t\t\t\t\t<\/div><!-- \/.wp-block-blog-post -->\r\n\t\t\t\t<\/li>\r\n\t\t\t\t\t<\/ul>\r\n\t<\/div>\r\n\r\n\t<\/div>\n","protected":false},"excerpt":{"rendered":"<p>Klantverhalen<\/p>\n","protected":false},"author":1,"featured_media":0,"parent":0,"menu_order":0,"comment_status":"closed","ping_status":"closed","template":"","meta":{"footnotes":""},"class_list":["post-24","page","type-page","status-publish","hentry"],"yoast_head":"<!-- This site is optimized with the Yoast SEO plugin v27.5 - https:\/\/yoast.com\/product\/yoast-seo-wordpress\/ -->\n<title>Klantenverhalen - Procent | BE<\/title>\n<meta name=\"robots\" content=\"index, follow, max-snippet:-1, max-image-preview:large, max-video-preview:-1\" \/>\n<link rel=\"canonical\" href=\"https:\/\/www.procent.com\/be\/klantenverhalen\/\" \/>\n<meta property=\"og:locale\" content=\"nl_BE\" \/>\n<meta property=\"og:type\" content=\"article\" \/>\n<meta property=\"og:title\" content=\"Klantenverhalen - Procent | BE\" \/>\n<meta property=\"og:description\" content=\"Klantverhalen\" \/>\n<meta property=\"og:url\" content=\"https:\/\/www.procent.com\/be\/klantenverhalen\/\" \/>\n<meta property=\"og:site_name\" content=\"Procent | BE\" \/>\n<meta property=\"article:modified_time\" content=\"2024-09-12T09:54:02+00:00\" \/>\n<meta name=\"twitter:card\" content=\"summary_large_image\" \/>\n<meta name=\"twitter:label1\" content=\"Geschatte leestijd\" \/>\n\t<meta name=\"twitter:data1\" content=\"1 minuut\" \/>\n<script type=\"application\/ld+json\" class=\"yoast-schema-graph\">{\"@context\":\"https:\\\/\\\/schema.org\",\"@graph\":[{\"@type\":\"WebPage\",\"@id\":\"https:\\\/\\\/www.procent.com\\\/be\\\/klantenverhalen\\\/\",\"url\":\"https:\\\/\\\/www.procent.com\\\/be\\\/klantenverhalen\\\/\",\"name\":\"Klantenverhalen - Procent | BE\",\"isPartOf\":{\"@id\":\"https:\\\/\\\/www.procent.com\\\/be\\\/#website\"},\"datePublished\":\"2024-05-09T13:32:17+00:00\",\"dateModified\":\"2024-09-12T09:54:02+00:00\",\"breadcrumb\":{\"@id\":\"https:\\\/\\\/www.procent.com\\\/be\\\/klantenverhalen\\\/#breadcrumb\"},\"inLanguage\":\"nl-BE\",\"potentialAction\":[{\"@type\":\"ReadAction\",\"target\":[\"https:\\\/\\\/www.procent.com\\\/be\\\/klantenverhalen\\\/\"]}]},{\"@type\":\"BreadcrumbList\",\"@id\":\"https:\\\/\\\/www.procent.com\\\/be\\\/klantenverhalen\\\/#breadcrumb\",\"itemListElement\":[{\"@type\":\"ListItem\",\"position\":1,\"name\":\"Home\",\"item\":\"https:\\\/\\\/www.procent.com\\\/be\\\/\"},{\"@type\":\"ListItem\",\"position\":2,\"name\":\"Klantenverhalen\"}]},{\"@type\":\"WebSite\",\"@id\":\"https:\\\/\\\/www.procent.com\\\/be\\\/#website\",\"url\":\"https:\\\/\\\/www.procent.com\\\/be\\\/\",\"name\":\"Procent | BE\",\"description\":\"\",\"potentialAction\":[{\"@type\":\"SearchAction\",\"target\":{\"@type\":\"EntryPoint\",\"urlTemplate\":\"https:\\\/\\\/www.procent.com\\\/be\\\/?s={search_term_string}\"},\"query-input\":{\"@type\":\"PropertyValueSpecification\",\"valueRequired\":true,\"valueName\":\"search_term_string\"}}],\"inLanguage\":\"nl-BE\"}]}<\/script>\n<!-- \/ Yoast SEO plugin. -->","yoast_head_json":{"title":"Klantenverhalen - Procent | BE","robots":{"index":"index","follow":"follow","max-snippet":"max-snippet:-1","max-image-preview":"max-image-preview:large","max-video-preview":"max-video-preview:-1"},"canonical":"https:\/\/www.procent.com\/be\/klantenverhalen\/","og_locale":"nl_BE","og_type":"article","og_title":"Klantenverhalen - Procent | BE","og_description":"Klantverhalen","og_url":"https:\/\/www.procent.com\/be\/klantenverhalen\/","og_site_name":"Procent | BE","article_modified_time":"2024-09-12T09:54:02+00:00","twitter_card":"summary_large_image","twitter_misc":{"Geschatte leestijd":"1 minuut"},"schema":{"@context":"https:\/\/schema.org","@graph":[{"@type":"WebPage","@id":"https:\/\/www.procent.com\/be\/klantenverhalen\/","url":"https:\/\/www.procent.com\/be\/klantenverhalen\/","name":"Klantenverhalen - Procent | BE","isPartOf":{"@id":"https:\/\/www.procent.com\/be\/#website"},"datePublished":"2024-05-09T13:32:17+00:00","dateModified":"2024-09-12T09:54:02+00:00","breadcrumb":{"@id":"https:\/\/www.procent.com\/be\/klantenverhalen\/#breadcrumb"},"inLanguage":"nl-BE","potentialAction":[{"@type":"ReadAction","target":["https:\/\/www.procent.com\/be\/klantenverhalen\/"]}]},{"@type":"BreadcrumbList","@id":"https:\/\/www.procent.com\/be\/klantenverhalen\/#breadcrumb","itemListElement":[{"@type":"ListItem","position":1,"name":"Home","item":"https:\/\/www.procent.com\/be\/"},{"@type":"ListItem","position":2,"name":"Klantenverhalen"}]},{"@type":"WebSite","@id":"https:\/\/www.procent.com\/be\/#website","url":"https:\/\/www.procent.com\/be\/","name":"Procent | BE","description":"","potentialAction":[{"@type":"SearchAction","target":{"@type":"EntryPoint","urlTemplate":"https:\/\/www.procent.com\/be\/?s={search_term_string}"},"query-input":{"@type":"PropertyValueSpecification","valueRequired":true,"valueName":"search_term_string"}}],"inLanguage":"nl-BE"}]}},"_links":{"self":[{"href":"https:\/\/www.procent.com\/be\/wp-json\/wp\/v2\/pages\/24","targetHints":{"allow":["GET"]}}],"collection":[{"href":"https:\/\/www.procent.com\/be\/wp-json\/wp\/v2\/pages"}],"about":[{"href":"https:\/\/www.procent.com\/be\/wp-json\/wp\/v2\/types\/page"}],"author":[{"embeddable":true,"href":"https:\/\/www.procent.com\/be\/wp-json\/wp\/v2\/users\/1"}],"replies":[{"embeddable":true,"href":"https:\/\/www.procent.com\/be\/wp-json\/wp\/v2\/comments?post=24"}],"version-history":[{"count":16,"href":"https:\/\/www.procent.com\/be\/wp-json\/wp\/v2\/pages\/24\/revisions"}],"predecessor-version":[{"id":1374,"href":"https:\/\/www.procent.com\/be\/wp-json\/wp\/v2\/pages\/24\/revisions\/1374"}],"wp:attachment":[{"href":"https:\/\/www.procent.com\/be\/wp-json\/wp\/v2\/media?parent=24"}],"curies":[{"name":"wp","href":"https:\/\/api.w.org\/{rel}","templated":true}]}}